{"id":24,"date":"2026-05-07T11:28:08","date_gmt":"2026-05-07T11:28:08","guid":{"rendered":"https:\/\/qs88best.com\/?page_id=24"},"modified":"2026-05-11T01:45:53","modified_gmt":"2026-05-11T01:45:53","slug":"xo-so","status":"publish","type":"page","link":"https:\/\/qs88best.com\/index.php\/xo-so\/","title":{"rendered":"X\u1ed5 s\u1ed1"},"content":{"rendered":"<h1 style=\"text-align: center;\"><b>X\u1ed5 S\u1ed1\u00a0 &#8211; Ph\u00e1t T\u00e0i Nhanh V\u1edbi Ti\u1ec1n Th\u01b0\u1edfng H\u1ea5p D\u1eabn T\u1ea1i QS88<\/b><\/h1>\n<p><a href=\"https:\/\/qs88best.com\/xo-so\/\"><b>X\u1ed5 s\u1ed1 <\/b><\/a><span style=\"font-weight: 400;\">\u0111ang tr\u1edf th\u00e0nh chuy\u00ean m\u1ee5c gi\u1ea3i tr\u00ed \u0111\u01b0\u1ee3c nhi\u1ec1u ng\u01b0\u1eddi ch\u01a1i quan t\u00e2m nh\u1edd h\u1ec7 th\u1ed1ng v\u1eadn h\u00e0nh \u1ed5n \u0111\u1ecbnh, s\u1ea3n ph\u1ea9m \u0111a d\u1ea1ng v\u00e0 c\u00e1ch t\u1ed5 ch\u1ee9c minh b\u1ea1ch. Ngay t\u1eeb th\u1eddi \u0111i\u1ec3m ra m\u1eaft th\u1ecb tr\u01b0\u1eddng, <a href=\"https:\/\/qs88best.com\/\"><strong>QS88<\/strong><\/a> \u0111\u00e3 ch\u00fa tr\u1ecdng x\u00e2y d\u1ef1ng kh\u00f4ng gian gi\u1ea3i tr\u00ed tr\u1ef1c tuy\u1ebfn hi\u1ec7n \u0111\u1ea1i, d\u1ec5 ti\u1ebfp c\u1eadn v\u00e0 ph\u00f9 h\u1ee3p v\u1edbi nhi\u1ec1u \u0111\u1ed1i t\u01b0\u1ee3ng ng\u01b0\u1eddi d\u00f9ng kh\u00e1c nhau.<\/span><\/p>\n<h2><b>Kh\u00e1i qu\u00e1t v\u1ec1 x\u1ed5 s\u1ed1\u00a0<\/b><\/h2>\n<p><b>X\u1ed5 s\u1ed1 <\/b><span style=\"font-weight: 400;\">l\u00e0 chuy\u00ean m\u1ee5c t\u1ed5ng h\u1ee3p nhi\u1ec1u lo\u1ea1i h\u00ecnh quay th\u01b0\u1edfng tr\u1ef1c tuy\u1ebfn ph\u1ed5 bi\u1ebfn, \u0111\u01b0\u1ee3c x\u00e2y d\u1ef1ng nh\u1eb1m \u0111\u00e1p \u1ee9ng nhu c\u1ea7u gi\u1ea3i tr\u00ed ng\u00e0y c\u00e0ng t\u0103ng c\u1ee7a c\u1ed9ng \u0111\u1ed3ng ng\u01b0\u1eddi ch\u01a1i hi\u1ec7n nay. To\u00e0n b\u1ed9 s\u1ea3n ph\u1ea9m t\u1ea1i h\u1ec7 th\u1ed1ng \u0111\u1ec1u \u0111\u01b0\u1ee3c ph\u00e2n chia r\u00f5 r\u00e0ng theo t\u1eebng danh m\u1ee5c c\u1ee5 th\u1ec3, gi\u00fap ng\u01b0\u1eddi tham gia d\u1ec5 d\u00e0ng l\u1ef1a ch\u1ecdn v\u00e0 t\u00ecm ki\u1ebfm tr\u00f2 ch\u01a1i ph\u00f9 h\u1ee3p v\u1edbi nhu c\u1ea7u c\u00e1 nh\u00e2n.<\/span><\/p>\n<p><span style=\"font-weight: 400;\">H\u1ec7 th\u1ed1ng ho\u1ea1t \u0111\u1ed9ng v\u1edbi c\u01a1 ch\u1ebf quay th\u01b0\u1edfng \u0111\u1ecbnh k\u1ef3, c\u00f4ng khai th\u1eddi gian m\u1edf th\u01b0\u1edfng r\u00f5 r\u00e0ng v\u00e0 c\u1eadp nh\u1eadt k\u1ebft qu\u1ea3 nhanh ch\u00f3ng cho ng\u01b0\u1eddi d\u00f9ng theo d\u00f5i thu\u1eadn ti\u1ec7n. \u0110\u00e2y c\u0169ng l\u00e0 y\u1ebfu t\u1ed1 quan tr\u1ecdng gi\u00fap chuy\u00ean m\u1ee5c t\u1eebng b\u01b0\u1edbc t\u1ea1o d\u1ef1ng \u0111\u01b0\u1ee3c uy t\u00edn v\u00e0 thu h\u00fat \u0111\u00f4ng \u0111\u1ea3o th\u00e0nh vi\u00ean tham gia tr\u1ea3i nghi\u1ec7m m\u1ed7i ng\u00e0y.<\/span><\/p>\n<figure id=\"attachment_122\" aria-describedby=\"caption-attachment-122\" style=\"width: 800px\" class=\"wp-caption aligncenter\"><img loading=\"lazy\" decoding=\"async\" class=\"size-full wp-image-122\" src=\"https:\/\/qs88best.com\/wp-content\/uploads\/2026\/05\/sanh-xo-so-thong-tin-co-ban-cho-tan-binh-moi.webp\" alt=\"S\u1ea3nh x\u1ed5 s\u1ed1 - Th\u00f4ng tin c\u01a1 b\u1ea3n cho t\u00e2n binh m\u1edbi\" width=\"800\" height=\"400\" srcset=\"https:\/\/qs88best.com\/wp-content\/uploads\/2026\/05\/sanh-xo-so-thong-tin-co-ban-cho-tan-binh-moi.webp 800w, https:\/\/qs88best.com\/wp-content\/uploads\/2026\/05\/sanh-xo-so-thong-tin-co-ban-cho-tan-binh-moi-300x150.webp 300w, https:\/\/qs88best.com\/wp-content\/uploads\/2026\/05\/sanh-xo-so-thong-tin-co-ban-cho-tan-binh-moi-768x384.webp 768w\" sizes=\"auto, (max-width: 800px) 100vw, 800px\" \/><figcaption id=\"caption-attachment-122\" class=\"wp-caption-text\">S\u1ea3nh x\u1ed5 s\u1ed1 &#8211; Th\u00f4ng tin c\u01a1 b\u1ea3n cho t\u00e2n binh m\u1edbi<\/figcaption><\/figure>\n<h2><b>T\u1ea1i sao x\u1ed5 s\u1ed1\u00a0 c\u1ee7a QS88 \u0111\u01b0\u1ee3c \u0111\u00e1nh gi\u00e1 cao?<\/b><\/h2>\n<p><span style=\"font-weight: 400;\">\u0110\u1ec3 hi\u1ec3u r\u00f5 s\u1ee9c h\u00fat c\u1ee7a chuy\u00ean m\u1ee5c n\u00e0y, ng\u01b0\u1eddi ch\u01a1i c\u1ea7n nh\u00ecn v\u00e0o nh\u1eefng \u01b0u \u0111i\u1ec3m n\u1ed5i b\u1eadt m\u00e0 n\u1ec1n t\u1ea3ng \u0111ang s\u1edf h\u1eefu trong qu\u00e1 tr\u00ecnh v\u1eadn h\u00e0nh v\u00e0 ph\u00e1t tri\u1ec3n l\u00e2u d\u00e0i. C\u00e1c y\u1ebfu t\u1ed1 n\u00e0y kh\u00f4ng ch\u1ec9 gi\u00fap n\u00e2ng cao tr\u1ea3i nghi\u1ec7m gi\u1ea3i tr\u00ed m\u00e0 c\u00f2n t\u1ea1o n\u00ean \u0111i\u1ec3m kh\u00e1c bi\u1ec7t r\u00f5 r\u1ec7t tr\u00ean th\u1ecb tr\u01b0\u1eddng hi\u1ec7n nay.<\/span><\/p>\n<h3><b>\u0110\u1ea7y \u0111\u1ee7 s\u1ea3n ph\u1ea9m<\/b><\/h3>\n<p><span style=\"font-weight: 400;\">M\u1ed9t trong nh\u1eefng l\u00fd do gi\u00fap <\/span><b>x\u1ed5 s\u1ed1<\/b><span style=\"font-weight: 400;\"> nh\u1eadn \u0111\u01b0\u1ee3c nhi\u1ec1u \u0111\u00e1nh gi\u00e1 t\u00edch c\u1ef1c ch\u00ednh l\u00e0 h\u1ec7 th\u1ed1ng s\u1ea3n ph\u1ea9m \u0111a d\u1ea1ng v\u00e0 li\u00ean t\u1ee5c \u0111\u01b0\u1ee3c c\u1eadp nh\u1eadt m\u1edbi m\u1ed7i ng\u00e0y. Ng\u01b0\u1eddi ch\u01a1i khi truy c\u1eadp chuy\u00ean m\u1ee5c c\u00f3 th\u1ec3 d\u1ec5 d\u00e0ng t\u00ecm th\u1ea5y nhi\u1ec1u lo\u1ea1i h\u00ecnh quay th\u01b0\u1edfng kh\u00e1c nhau, t\u1eeb c\u00e1c s\u1ea3n ph\u1ea9m truy\u1ec1n th\u1ed1ng cho \u0111\u1ebfn nh\u1eefng tr\u00f2 ch\u01a1i hi\u1ec7n \u0111\u1ea1i \u0111ang \u0111\u01b0\u1ee3c \u01b0a chu\u1ed9ng tr\u00ean th\u1ecb tr\u01b0\u1eddng.<\/span><\/p>\n<h3><b>H\u1ec7 s\u1ed1 thanh to\u00e1n cao<\/b><\/h3>\n<p><span style=\"font-weight: 400;\">H\u1ec7 s\u1ed1 thanh to\u00e1n lu\u00f4n l\u00e0 y\u1ebfu t\u1ed1 \u0111\u01b0\u1ee3c nhi\u1ec1u ng\u01b0\u1eddi quan t\u00e2m khi t\u00ecm hi\u1ec3u v\u1ec1 <\/span><b>x\u1ed5 s\u1ed1<\/b><span style=\"font-weight: 400;\"> v\u00e0 l\u1ef1a ch\u1ecdn tham gia gi\u1ea3i tr\u00ed t\u1ea1i n\u1ec1n t\u1ea3ng n\u00e0y. C\u00e1c tr\u00f2 ch\u01a1i t\u1ea1i \u0111\u00e2y \u0111\u1ec1u \u0111\u01b0\u1ee3c c\u00f4ng khai t\u1ef7 l\u1ec7 th\u01b0\u1edfng r\u00f5 r\u00e0ng, minh b\u1ea1ch v\u00e0 d\u1ec5 d\u00e0ng theo d\u00f5i trong su\u1ed1t qu\u00e1 tr\u00ecnh tham gia.<\/span><\/p>\n<h3><b>Quay th\u01b0\u1edfng minh b\u1ea1ch<\/b><\/h3>\n<p><span style=\"font-weight: 400;\">Minh b\u1ea1ch trong qu\u00e1 tr\u00ecnh quay th\u01b0\u1edfng l\u00e0 m\u1ed9t trong nh\u1eefng y\u1ebfu t\u1ed1 quan tr\u1ecdng gi\u00fap <\/span><b>x\u1ed5 s\u1ed1<\/b><span style=\"font-weight: 400;\"> x\u00e2y d\u1ef1ng \u0111\u01b0\u1ee3c s\u1ef1 tin t\u01b0\u1edfng t\u1eeb c\u1ed9ng \u0111\u1ed3ng ng\u01b0\u1eddi tham gia. To\u00e0n b\u1ed9 c\u00e1c k\u1ef3 quay \u0111\u1ec1u \u0111\u01b0\u1ee3c t\u1ed5 ch\u1ee9c theo khung gi\u1edd c\u1ed1 \u0111\u1ecbnh, c\u1eadp nh\u1eadt k\u1ebft qu\u1ea3 nhanh ch\u00f3ng v\u00e0 hi\u1ec3n th\u1ecb th\u00f4ng tin r\u00f5 r\u00e0ng tr\u00ean giao di\u1ec7n h\u1ec7 th\u1ed1ng.<\/span><\/p>\n<p><span style=\"font-weight: 400;\">Nh\u1edd c\u01a1 ch\u1ebf v\u1eadn h\u00e0nh c\u00f4ng khai v\u00e0 d\u1ec5 theo d\u00f5i, ng\u01b0\u1eddi ch\u01a1i c\u00f3 th\u1ec3 ki\u1ec3m tra k\u1ebft qu\u1ea3 d\u1ec5 d\u00e0ng m\u00e0 kh\u00f4ng g\u1eb7p kh\u00f3 kh\u0103n trong qu\u00e1 tr\u00ecnh thao t\u00e1c. \u0110\u00e2y c\u0169ng l\u00e0 \u0111i\u1ec3m c\u1ed9ng l\u1edbn gi\u00fap chuy\u00ean m\u1ee5c ph\u00f9 h\u1ee3p v\u1edbi c\u1ea3 nh\u1eefng ng\u01b0\u1eddi m\u1edbi l\u00e0m quen v\u1edbi h\u00ecnh th\u1ee9c gi\u1ea3i tr\u00ed.<\/span><\/p>\n<figure id=\"attachment_121\" aria-describedby=\"caption-attachment-121\" style=\"width: 800px\" class=\"wp-caption aligncenter\"><img loading=\"lazy\" decoding=\"async\" class=\"size-full wp-image-121\" src=\"https:\/\/qs88best.com\/wp-content\/uploads\/2026\/05\/qua-trinh-quay-thuong-cac-san-pham-minh-bach-cong-bang.webp\" alt=\"Qu\u00e1 tr\u00ecnh quay th\u01b0\u1edfng c\u00e1c s\u1ea3n ph\u1ea9m minh b\u1ea1ch, c\u00f4ng b\u1eb1ng\" width=\"800\" height=\"400\" srcset=\"https:\/\/qs88best.com\/wp-content\/uploads\/2026\/05\/qua-trinh-quay-thuong-cac-san-pham-minh-bach-cong-bang.webp 800w, https:\/\/qs88best.com\/wp-content\/uploads\/2026\/05\/qua-trinh-quay-thuong-cac-san-pham-minh-bach-cong-bang-300x150.webp 300w, https:\/\/qs88best.com\/wp-content\/uploads\/2026\/05\/qua-trinh-quay-thuong-cac-san-pham-minh-bach-cong-bang-768x384.webp 768w\" sizes=\"auto, (max-width: 800px) 100vw, 800px\" \/><figcaption id=\"caption-attachment-121\" class=\"wp-caption-text\">Qu\u00e1 tr\u00ecnh quay th\u01b0\u1edfng c\u00e1c s\u1ea3n ph\u1ea9m minh b\u1ea1ch, c\u00f4ng b\u1eb1ng<\/figcaption><\/figure>\n<h2><b>G\u1ee3i \u00fd c\u00e1c tr\u00f2 ch\u01a1i t\u1ea1i x\u1ed5 s\u1ed1\u00a0 n\u00ean th\u1eed s\u1ee9c t\u1ea1i nh\u00e0 c\u00e1i<\/b><\/h2>\n<p><span style=\"font-weight: 400;\">B\u00ean c\u1ea1nh nh\u1eefng \u01b0u \u0111i\u1ec3m n\u1ed5i b\u1eadt v\u1ec1 h\u1ec7 th\u1ed1ng v\u1eadn h\u00e0nh, chuy\u00ean m\u1ee5c c\u00f2n thu h\u00fat ng\u01b0\u1eddi ch\u01a1i nh\u1edd s\u1edf h\u1eefu nhi\u1ec1u s\u1ea3n ph\u1ea9m h\u1ea5p d\u1eabn v\u00e0 \u0111a d\u1ea1ng h\u00ecnh th\u1ee9c gi\u1ea3i tr\u00ed. D\u01b0\u1edbi \u0111\u00e2y l\u00e0 nh\u1eefng tr\u00f2 ch\u01a1i ti\u00eau bi\u1ec3u m\u00e0 ng\u01b0\u1eddi d\u00f9ng n\u00ean tham kh\u1ea3o khi tr\u1ea3i nghi\u1ec7m t\u1ea1i n\u1ec1n t\u1ea3ng n\u00e0y.<\/span><\/p>\n<h3><b>X\u1ed5 s\u1ed1 VIP<\/b><\/h3>\n<p><span style=\"font-weight: 400;\">D\u00f2ng VIP l\u00e0 nh\u00f3m s\u1ea3n ph\u1ea9m \u0111\u01b0\u1ee3c thi\u1ebft k\u1ebf d\u00e0nh cho nh\u1eefng ng\u01b0\u1eddi ch\u01a1i y\u00eau th\u00edch tr\u1ea3i nghi\u1ec7m gi\u1ea3i tr\u00ed chuy\u00ean nghi\u1ec7p v\u1edbi giao di\u1ec7n hi\u1ec7n \u0111\u1ea1i v\u00e0 c\u00e1ch t\u1ed5 ch\u1ee9c khoa h\u1ecdc. To\u00e0n b\u1ed9 th\u00f4ng tin v\u1ec1 k\u1ef3 quay, th\u1eddi gian m\u1edf th\u01b0\u1edfng v\u00e0 k\u1ebft qu\u1ea3 \u0111\u1ec1u \u0111\u01b0\u1ee3c hi\u1ec3n th\u1ecb tr\u1ef1c quan gi\u00fap ng\u01b0\u1eddi ch\u01a1i d\u1ec5 d\u00e0ng theo d\u00f5i trong su\u1ed1t qu\u00e1 tr\u00ecnh tham gia.<\/span><\/p>\n<p><span style=\"font-weight: 400;\">Lo\u1ea1i h\u00ecnh n\u00e0y ph\u00f9 h\u1ee3p v\u1edbi ng\u01b0\u1eddi d\u00f9ng mu\u1ed1n kh\u00e1m ph\u00e1 nh\u1eefng s\u1ea3n ph\u1ea9m c\u00f3 t\u00ednh \u1ed5n \u0111\u1ecbnh cao v\u00e0 mang \u0111\u1ebfn c\u1ea3m gi\u00e1c gi\u1ea3i tr\u00ed chuy\u00ean bi\u1ec7t h\u01a1n so v\u1edbi nhi\u1ec1u h\u00ecnh th\u1ee9c quay th\u01b0\u1edfng th\u00f4ng th\u01b0\u1eddng kh\u00e1c.<\/span><\/p>\n<h3><b>Si\u00eau t\u1ed1c<\/b><\/h3>\n<p><b>X\u1ed5 s\u1ed1<\/b><span style=\"font-weight: 400;\"> si\u00eau t\u1ed1c l\u00e0 l\u1ef1a ch\u1ecdn ph\u00f9 h\u1ee3p d\u00e0nh cho nh\u1eefng ng\u01b0\u1eddi y\u00eau th\u00edch nh\u1ecbp \u0111\u1ed9 gi\u1ea3i tr\u00ed nhanh ch\u00f3ng v\u00e0 kh\u00f4ng mu\u1ed1n ch\u1edd \u0111\u1ee3i qu\u00e1 l\u00e2u gi\u1eefa c\u00e1c k\u1ef3 quay th\u01b0\u1edfng. Thay v\u00ec ph\u1ea3i m\u1ea5t nhi\u1ec1u th\u1eddi gian theo d\u00f5i nh\u01b0 c\u00e1c h\u00ecnh th\u1ee9c truy\u1ec1n th\u1ed1ng, tr\u00f2 ch\u01a1i n\u00e0y li\u00ean t\u1ee5c m\u1edf th\u01b0\u1edfng trong kho\u1ea3ng th\u1eddi gian ng\u1eafn gi\u00fap ng\u01b0\u1eddi tham gia d\u1ec5 d\u00e0ng tr\u1ea3i nghi\u1ec7m nhi\u1ec1u l\u01b0\u1ee3t li\u00ean ti\u1ebfp trong ng\u00e0y.<\/span><\/p>\n<p><span style=\"font-weight: 400;\">B\u00ean c\u1ea1nh t\u1ed1c \u0111\u1ed9 quay th\u01b0\u1edfng nhanh, h\u00ecnh th\u1ee9c n\u00e0y c\u00f2n \u0111\u01b0\u1ee3c \u0111\u00e1nh gi\u00e1 cao nh\u1edd giao di\u1ec7n tr\u1ef1c quan, d\u1ec5 s\u1eed d\u1ee5ng v\u00e0 ph\u00f9 h\u1ee3p v\u1edbi xu h\u01b0\u1edbng gi\u1ea3i tr\u00ed hi\u1ec7n \u0111\u1ea1i hi\u1ec7n nay.<\/span><\/p>\n<p>Xem th\u00eam: <a href=\"https:\/\/qs88best.com\/dang-ky\/\"><strong>\u0110\u0103ng k\u00fd<\/strong><\/a><\/p>\n<h3><b>Qu\u1ed1c t\u1ebf &#8211; Game hot t\u1ea1i x\u1ed5 s\u1ed1\u00a0<\/b><\/h3>\n<p><span style=\"font-weight: 400;\">D\u00f2ng qu\u1ed1c t\u1ebf mang \u0111\u1ebfn th\u00eam nhi\u1ec1u l\u1ef1a ch\u1ecdn m\u1edbi m\u1ebb cho ng\u01b0\u1eddi d\u00f9ng y\u00eau th\u00edch s\u1ef1 \u0111a d\u1ea1ng trong qu\u00e1 tr\u00ecnh tr\u1ea3i nghi\u1ec7m gi\u1ea3i tr\u00ed tr\u1ef1c tuy\u1ebfn m\u1ed7i ng\u00e0y. C\u00e1c s\u1ea3n ph\u1ea9m \u0111\u01b0\u1ee3c t\u1ed5ng h\u1ee3p t\u1eeb nhi\u1ec1u th\u1ecb tr\u01b0\u1eddng kh\u00e1c nhau gi\u00fap ng\u01b0\u1eddi tham gia c\u00f3 c\u01a1 h\u1ed9i ti\u1ebfp c\u1eadn th\u00eam nhi\u1ec1u h\u00ecnh th\u1ee9c quay th\u01b0\u1edfng h\u1ea5p d\u1eabn.<\/span><\/p>\n<p><span style=\"font-weight: 400;\">Ngo\u00e0i ra, h\u1ec7 th\u1ed1ng c\u00f2n h\u1ed7 tr\u1ee3 c\u1eadp nh\u1eadt k\u1ebft qu\u1ea3 nhanh ch\u00f3ng c\u00f9ng giao di\u1ec7n hi\u1ec3n th\u1ecb r\u00f5 r\u00e0ng gi\u00fap ng\u01b0\u1eddi ch\u01a1i d\u1ec5 d\u00e0ng theo d\u00f5i th\u00f4ng tin m\u00e0 kh\u00f4ng g\u1eb7p kh\u00f3 kh\u0103n trong qu\u00e1 tr\u00ecnh thao t\u00e1c ho\u1eb7c ki\u1ec3m tra k\u1ebft qu\u1ea3.<\/span><\/p>\n<figure id=\"attachment_120\" aria-describedby=\"caption-attachment-120\" style=\"width: 800px\" class=\"wp-caption aligncenter\"><img loading=\"lazy\" decoding=\"async\" class=\"size-full wp-image-120\" src=\"https:\/\/qs88best.com\/wp-content\/uploads\/2026\/05\/dong-quoc-te-chat-luong-va-moi-me.webp\" alt=\"D\u00f2ng qu\u1ed1c t\u1ebf ch\u1ea5t l\u01b0\u1ee3ng v\u00e0 m\u1edbi m\u1ebb\" width=\"800\" height=\"400\" srcset=\"https:\/\/qs88best.com\/wp-content\/uploads\/2026\/05\/dong-quoc-te-chat-luong-va-moi-me.webp 800w, https:\/\/qs88best.com\/wp-content\/uploads\/2026\/05\/dong-quoc-te-chat-luong-va-moi-me-300x150.webp 300w, https:\/\/qs88best.com\/wp-content\/uploads\/2026\/05\/dong-quoc-te-chat-luong-va-moi-me-768x384.webp 768w\" sizes=\"auto, (max-width: 800px) 100vw, 800px\" \/><figcaption id=\"caption-attachment-120\" class=\"wp-caption-text\">D\u00f2ng qu\u1ed1c t\u1ebf ch\u1ea5t l\u01b0\u1ee3ng v\u00e0 m\u1edbi m\u1ebb<\/figcaption><\/figure>\n<h2><b>K\u1ebft lu\u1eadn<\/b><\/h2>\n<p><b>X\u1ed5 s\u1ed1<\/b><span style=\"font-weight: 400;\"> l\u00e0 chuy\u00ean m\u1ee5c gi\u1ea3i tr\u00ed tr\u1ef1c tuy\u1ebfn n\u1ed5i b\u1eadt nh\u1edd h\u1ec7 th\u1ed1ng s\u1ea3n ph\u1ea9m \u0111a d\u1ea1ng, t\u1ef7 l\u1ec7 thanh to\u00e1n minh b\u1ea1ch v\u00e0 quy tr\u00ecnh quay th\u01b0\u1edfng r\u00f5 r\u00e0ng d\u00e0nh cho ng\u01b0\u1eddi ch\u01a1i t\u1ea1i QS88. V\u1edbi nhi\u1ec1u h\u00ecnh th\u1ee9c h\u1ea5p d\u1eabn nh\u01b0 d\u00f2ng VIP, si\u00eau t\u1ed1c hay qu\u1ed1c t\u1ebf, n\u1ec1n t\u1ea3ng mang \u0111\u1ebfn tr\u1ea3i nghi\u1ec7m linh ho\u1ea1t v\u00e0 ph\u00f9 h\u1ee3p v\u1edbi nhu c\u1ea7u gi\u1ea3i tr\u00ed hi\u1ec7n \u0111\u1ea1i c\u1ee7a \u0111\u00f4ng \u0111\u1ea3o ng\u01b0\u1eddi d\u00f9ng hi\u1ec7n nay.<\/span><\/p>\n","protected":false},"excerpt":{"rendered":"<p>X\u1ed5 S\u1ed1\u00a0 &#8211; Ph\u00e1t T\u00e0i Nhanh V\u1edbi Ti\u1ec1n Th\u01b0\u1edfng H\u1ea5p D\u1eabn T\u1ea1i QS88 X\u1ed5 s\u1ed1 \u0111ang tr\u1edf th\u00e0nh chuy\u00ean m\u1ee5c gi\u1ea3i tr\u00ed \u0111\u01b0\u1ee3c nhi\u1ec1u ng\u01b0\u1eddi ch\u01a1i quan t\u00e2m nh\u1edd h\u1ec7 th\u1ed1ng v\u1eadn h\u00e0nh \u1ed5n \u0111\u1ecbnh, s\u1ea3n ph\u1ea9m \u0111a d\u1ea1ng v\u00e0 c\u00e1ch t\u1ed5 ch\u1ee9c minh b\u1ea1ch. Ngay t\u1eeb th\u1eddi \u0111i\u1ec3m ra m\u1eaft th\u1ecb tr\u01b0\u1eddng, QS88 \u0111\u00e3 [&#8230;]\n","protected":false},"author":1,"featured_media":123,"parent":0,"menu_order":0,"comment_status":"closed","ping_status":"closed","template":"","meta":{"footnotes":""},"class_list":["post-24","page","type-page","status-publish","has-post-thumbnail","hentry"],"_links":{"self":[{"href":"https:\/\/qs88best.com\/index.php\/wp-json\/wp\/v2\/pages\/24","targetHints":{"allow":["GET"]}}],"collection":[{"href":"https:\/\/qs88best.com\/index.php\/wp-json\/wp\/v2\/pages"}],"about":[{"href":"https:\/\/qs88best.com\/index.php\/wp-json\/wp\/v2\/types\/page"}],"author":[{"embeddable":true,"href":"https:\/\/qs88best.com\/index.php\/wp-json\/wp\/v2\/users\/1"}],"replies":[{"embeddable":true,"href":"https:\/\/qs88best.com\/index.php\/wp-json\/wp\/v2\/comments?post=24"}],"version-history":[{"count":3,"href":"https:\/\/qs88best.com\/index.php\/wp-json\/wp\/v2\/pages\/24\/revisions"}],"predecessor-version":[{"id":125,"href":"https:\/\/qs88best.com\/index.php\/wp-json\/wp\/v2\/pages\/24\/revisions\/125"}],"wp:featuredmedia":[{"embeddable":true,"href":"https:\/\/qs88best.com\/index.php\/wp-json\/wp\/v2\/media\/123"}],"wp:attachment":[{"href":"https:\/\/qs88best.com\/index.php\/wp-json\/wp\/v2\/media?parent=24"}],"curies":[{"name":"wp","href":"https:\/\/api.w.org\/{rel}","templated":true}]}}