{"id":22,"date":"2026-05-07T11:27:57","date_gmt":"2026-05-07T11:27:57","guid":{"rendered":"https:\/\/qs88best.com\/?page_id=22"},"modified":"2026-05-11T01:43:00","modified_gmt":"2026-05-11T01:43:00","slug":"the-thao","status":"publish","type":"page","link":"https:\/\/qs88best.com\/index.php\/the-thao\/","title":{"rendered":"Th\u1ec3 thao"},"content":{"rendered":"<h1 style=\"text-align: center;\"><b>Th\u1ec3 Thao &#8211; C\u1eadp Nh\u1eadt Gi\u1ea3i \u0110\u1ea5u H\u1ea5p D\u1eabn N\u1ed5i B\u1eadt M\u1ed7i Ng\u00e0y<\/b><\/h1>\n<p><a href=\"https:\/\/qs88best.com\/the-thao\/\"><b>Th\u1ec3 thao<\/b><\/a><span style=\"font-weight: 400;\"> l\u00e0 chuy\u00ean m\u1ee5c gi\u1ea3i tr\u00ed n\u1ed5i b\u1eadt \u0111ang thu h\u00fat \u0111\u00f4ng \u0111\u1ea3o ng\u01b0\u1eddi ch\u01a1i tham gia c\u00e1 c\u01b0\u1ee3c m\u1ed7i ng\u00e0y tr\u00ean h\u1ec7 th\u1ed1ng. Khi truy c\u1eadp v\u00e0o chuy\u00ean m\u1ee5c n\u00e0y, h\u1ed9i vi\u00ean <\/span><a href=\"https:\/\/qs88best.com\/\"><b>QS 88<\/b><\/a><span style=\"font-weight: 400;\"> s\u1ebd c\u00f3 c\u01a1 h\u1ed9i theo d\u00f5i h\u00e0ng lo\u1ea1t gi\u1ea3i \u0111\u1ea5u h\u1ea5p d\u1eabn \u0111\u1ebfn t\u1eeb nhi\u1ec1u b\u1ed9 m\u00f4n kh\u00e1c nhau tr\u00ean to\u00e0n th\u1ebf gi\u1edbi.<\/span><\/p>\n<h2><b>Gi\u1edbi thi\u1ec7u th\u1ec3 thao<\/b><\/h2>\n<p><span style=\"font-weight: 400;\">Chuy\u00ean m\u1ee5c <\/span><b>th\u1ec3 thao<\/b><span style=\"font-weight: 400;\"> \u0111\u01b0\u1ee3c x\u00e2y d\u1ef1ng nh\u1eb1m mang \u0111\u1ebfn cho ng\u01b0\u1eddi ch\u01a1i m\u00f4i tr\u01b0\u1eddng gi\u1ea3i tr\u00ed chuy\u00ean nghi\u1ec7p v\u1edbi h\u00e0ng lo\u1ea1t tr\u1eadn \u0111\u1ea5u n\u1ed5i b\u1eadt m\u1ed7i ng\u00e0y. H\u1ec7 th\u1ed1ng li\u00ean t\u1ee5c c\u1eadp nh\u1eadt c\u00e1c gi\u1ea3i thi \u0111\u1ea5u l\u1edbn nh\u1ecf tr\u00ean th\u1ebf gi\u1edbi gi\u00fap h\u1ed9i vi\u00ean d\u1ec5 d\u00e0ng l\u1ef1a ch\u1ecdn theo d\u00f5i v\u00e0 tham gia c\u00e1 c\u01b0\u1ee3c t\u00f9y theo nhu c\u1ea7u c\u00e1 nh\u00e2n.<\/span><\/p>\n<p><span style=\"font-weight: 400;\">Khi tham gia t\u1ea1i \u0111\u00e2y, ng\u01b0\u1eddi ch\u01a1i c\u00f3 th\u1ec3 kh\u00e1m ph\u00e1 nhi\u1ec1u b\u1ed9 m\u00f4n h\u1ea5p d\u1eabn nh\u01b0 b\u00f3ng \u0111\u00e1, b\u00f3ng r\u1ed5, c\u1ea7u l\u00f4ng, qu\u1ea7n v\u1ee3t, b\u00f3ng chuy\u1ec1n, b\u01a1i l\u1ed9i, \u0111ua xe v\u00e0 nhi\u1ec1u gi\u1ea3i \u0111\u1ea5u \u0111i\u1ec7n t\u1eed n\u1ed5i ti\u1ebfng hi\u1ec7n nay. M\u1ed7i b\u1ed9 m\u00f4n \u0111\u1ec1u \u0111\u01b0\u1ee3c t\u00edch h\u1ee3p \u0111a d\u1ea1ng lo\u1ea1i k\u00e8o kh\u00e1c nhau nh\u1eb1m \u0111\u00e1p \u1ee9ng t\u1ed1i \u0111a nhu c\u1ea7u gi\u1ea3i tr\u00ed c\u1ee7a m\u1ecdi th\u00e0nh vi\u00ean.<\/span><\/p>\n<figure id=\"attachment_115\" aria-describedby=\"caption-attachment-115\" style=\"width: 800px\" class=\"wp-caption aligncenter\"><img loading=\"lazy\" decoding=\"async\" class=\"size-full wp-image-115\" src=\"https:\/\/qs88best.com\/wp-content\/uploads\/2026\/05\/the-thao-diem-den-ly-tuong-cua-hoi-vien.webp\" alt=\"Th\u1ec3 thao - \u0110i\u1ec3m \u0111\u1ebfn l\u00fd t\u01b0\u1edfng c\u1ee7a h\u1ed9i vi\u00ean\" width=\"800\" height=\"400\" srcset=\"https:\/\/qs88best.com\/wp-content\/uploads\/2026\/05\/the-thao-diem-den-ly-tuong-cua-hoi-vien.webp 800w, https:\/\/qs88best.com\/wp-content\/uploads\/2026\/05\/the-thao-diem-den-ly-tuong-cua-hoi-vien-300x150.webp 300w, https:\/\/qs88best.com\/wp-content\/uploads\/2026\/05\/the-thao-diem-den-ly-tuong-cua-hoi-vien-768x384.webp 768w\" sizes=\"auto, (max-width: 800px) 100vw, 800px\" \/><figcaption id=\"caption-attachment-115\" class=\"wp-caption-text\">Th\u1ec3 thao &#8211; \u0110i\u1ec3m \u0111\u1ebfn l\u00fd t\u01b0\u1edfng c\u1ee7a h\u1ed9i vi\u00ean<\/figcaption><\/figure>\n<h2><b>Top b\u1ed9 m\u00f4n s\u00f4i \u0111\u1ed9ng kh\u00f4ng n\u00ean b\u1ecf qua t\u1ea1i th\u1ec3 thao<\/b><\/h2>\n<p><span style=\"font-weight: 400;\">\u0110i\u1ec3m n\u1ed5i b\u1eadt c\u1ee7a chuy\u00ean m\u1ee5c ch\u00ednh l\u00e0 cung c\u1ea5p \u0111a d\u1ea1ng gi\u1ea3i \u0111\u1ea5u h\u1ea5p d\u1eabn \u0111\u1ebfn t\u1eeb nhi\u1ec1u b\u1ed9 m\u00f4n kh\u00e1c nhau nh\u1eb1m ph\u1ee5c v\u1ee5 nhu c\u1ea7u gi\u1ea3i tr\u00ed li\u00ean t\u1ee5c c\u1ee7a h\u1ed9i vi\u00ean.<\/span><\/p>\n<h3><b>C\u00e1 c\u01b0\u1ee3c b\u00f3ng r\u1ed5<\/b><\/h3>\n<p><span style=\"font-weight: 400;\">B\u00f3ng r\u1ed5 l\u00e0 b\u1ed9 m\u00f4n nh\u1eadn \u0111\u01b0\u1ee3c r\u1ea5t nhi\u1ec1u s\u1ef1 quan t\u00e2m t\u1eeb ng\u01b0\u1eddi ch\u01a1i khi tham gia c\u00e1 c\u01b0\u1ee3c t\u1ea1i h\u1ec7 th\u1ed1ng. Nh\u1eefng gi\u1ea3i \u0111\u1ea5u n\u1ed5i ti\u1ebfng nh\u01b0 NBA, EuroLeague hay CBA \u0111\u1ec1u \u0111\u01b0\u1ee3c c\u1eadp nh\u1eadt li\u00ean t\u1ee5c v\u1edbi l\u1ecbch thi \u0111\u1ea5u chi ti\u1ebft v\u00e0 t\u1ef7 l\u1ec7 c\u01b0\u1ee3c h\u1ea5p d\u1eabn.<\/span><\/p>\n<p><span style=\"font-weight: 400;\">H\u1ec7 th\u1ed1ng k\u00e8o c\u0169ng \u0111\u01b0\u1ee3c thi\u1ebft k\u1ebf \u0111a d\u1ea1ng v\u1edbi nhi\u1ec1u l\u1ef1a ch\u1ecdn nh\u01b0 c\u01b0\u1ee3c \u0111\u1ed9i chi\u1ebfn th\u1eafng, c\u01b0\u1ee3c t\u1ed5ng \u0111i\u1ec3m hay c\u00e1 c\u01b0\u1ee3c theo t\u1eebng hi\u1ec7p \u0111\u1ea5u kh\u00e1c nhau. T\u1ef7 l\u1ec7 c\u01b0\u1ee3c lu\u00f4n thay \u0111\u1ed5i theo th\u1eddi gian th\u1ef1c gi\u00fap ng\u01b0\u1eddi ch\u01a1i d\u1ec5 d\u00e0ng theo d\u00f5i di\u1ec5n bi\u1ebfn tr\u1eadn \u0111\u1ea5u v\u00e0 \u0111\u01b0a ra quy\u1ebft \u0111\u1ecbnh ph\u00f9 h\u1ee3p.<\/span><\/p>\n<h3><b>B\u00f3ng \u0111\u00e1 &#8211; Tr\u00f2 ch\u01a1i ch\u1ee7 l\u1ef1c c\u1ee7a th\u1ec3 thao<\/b><\/h3>\n<p><span style=\"font-weight: 400;\">B\u00f3ng \u0111\u00e1 l\u00e0 b\u1ed9 m\u00f4n n\u1ed5i b\u1eadt nh\u1ea5t t\u1ea1i s\u1ea3nh v\u1edbi s\u1ed1 l\u01b0\u1ee3ng ng\u01b0\u1eddi theo d\u00f5i v\u00e0 tham gia c\u00e1 c\u01b0\u1ee3c v\u00f4 c\u00f9ng \u0111\u00f4ng \u0111\u1ea3o m\u1ed7i ng\u00e0y. H\u1ec7 th\u1ed1ng c\u1eadp nh\u1eadt \u0111\u1ea7y \u0111\u1ee7 nh\u1eefng gi\u1ea3i \u0111\u1ea5u l\u1edbn nh\u01b0 Ngo\u1ea1i H\u1ea1ng Anh, World Cup, Euro, Champions League, Serie A hay La Liga nh\u1eb1m \u0111\u00e1p \u1ee9ng nhu c\u1ea7u gi\u1ea3i tr\u00ed c\u1ee7a h\u1ed9i vi\u00ean.<\/span><\/p>\n<p><span style=\"font-weight: 400;\">T\u1ea5t c\u1ea3 c\u00e1c tr\u1eadn \u0111\u1ea5u t\u1ea1i nh\u00e0 c\u00e1i \u0111\u1ec1u \u0111\u01b0\u1ee3c ph\u00e1t s\u00f3ng tr\u1ef1c ti\u1ebfp v\u1edbi ch\u1ea5t l\u01b0\u1ee3ng h\u00ecnh \u1ea3nh s\u1eafc n\u00e9t v\u00e0 \u0111\u01b0\u1eddng truy\u1ec1n \u1ed5n \u0111\u1ecbnh gi\u00fap ng\u01b0\u1eddi ch\u01a1i theo d\u00f5i d\u1ec5 d\u00e0ng tr\u00ean nhi\u1ec1u thi\u1ebft b\u1ecb kh\u00e1c nhau. Ch\u1ec9 c\u1ea7n s\u1edf h\u1eefu t\u00e0i kho\u1ea3n t\u1ea1i h\u1ec7 th\u1ed1ng, th\u00e0nh vi\u00ean \u0111\u00e3 c\u00f3 th\u1ec3 tham gia kh\u00e1m ph\u00e1 v\u00e0 \u0111\u1eb7t c\u01b0\u1ee3c nhanh ch\u00f3ng.<\/span><\/p>\n<figure id=\"attachment_112\" aria-describedby=\"caption-attachment-112\" style=\"width: 800px\" class=\"wp-caption aligncenter\"><img loading=\"lazy\" decoding=\"async\" class=\"size-full wp-image-112\" src=\"https:\/\/qs88best.com\/wp-content\/uploads\/2026\/05\/giai-tri-bong-da-voi-hon-100-tran-moi-thang.webp\" alt=\"Gi\u1ea3i tr\u00ed b\u00f3ng \u0111\u00e1 v\u1edbi h\u01a1n 100 tr\u1eadn m\u1ed7i th\u00e1ng\" width=\"800\" height=\"400\" srcset=\"https:\/\/qs88best.com\/wp-content\/uploads\/2026\/05\/giai-tri-bong-da-voi-hon-100-tran-moi-thang.webp 800w, https:\/\/qs88best.com\/wp-content\/uploads\/2026\/05\/giai-tri-bong-da-voi-hon-100-tran-moi-thang-300x150.webp 300w, https:\/\/qs88best.com\/wp-content\/uploads\/2026\/05\/giai-tri-bong-da-voi-hon-100-tran-moi-thang-768x384.webp 768w\" sizes=\"auto, (max-width: 800px) 100vw, 800px\" \/><figcaption id=\"caption-attachment-112\" class=\"wp-caption-text\">Gi\u1ea3i tr\u00ed b\u00f3ng \u0111\u00e1 v\u1edbi h\u01a1n 100 tr\u1eadn m\u1ed7i th\u00e1ng<\/figcaption><\/figure>\n<h3><b>Th\u1ec3 thao \u0111i\u1ec7n t\u1eed<\/b><\/h3>\n<p><span style=\"font-weight: 400;\">Esports hi\u1ec7n l\u00e0 b\u1ed9 m\u00f4n gi\u1ea3i tr\u00ed m\u1edbi nh\u01b0ng \u0111ang nh\u1eadn \u0111\u01b0\u1ee3c s\u1ef1 quan t\u00e2m r\u1ea5t l\u1edbn t\u1eeb c\u1ed9ng \u0111\u1ed3ng ng\u01b0\u1eddi ch\u01a1i t\u1ea1i QS88. Chuy\u00ean m\u1ee5c c\u1eadp nh\u1eadt \u0111\u1ea7y \u0111\u1ee7 nhi\u1ec1u tr\u00f2 ch\u01a1i n\u1ed5i ti\u1ebfng nh\u01b0 Dota 2, PUBG, Valorant, Li\u00ean Minh Huy\u1ec1n Tho\u1ea1i hay Counter Strike nh\u1eb1m mang \u0111\u1ebfn tr\u1ea3i nghi\u1ec7m gi\u1ea3i tr\u00ed \u0111a d\u1ea1ng h\u01a1n cho h\u1ed9i vi\u00ean.<\/span><\/p>\n<h2><b>S\u1ea3nh gi\u1ea3i tr\u00ed th\u1ec3 thao t\u1ea1i QS88<\/b><\/h2>\n<p><span style=\"font-weight: 400;\">Hi\u1ec7n nay, QS88 \u0111ang h\u1ee3p t\u00e1c c\u00f9ng nhi\u1ec1u nh\u00e0 ph\u00e1t h\u00e0nh uy t\u00edn nh\u1eb1m mang \u0111\u1ebfn cho ng\u01b0\u1eddi ch\u01a1i h\u1ec7 th\u1ed1ng c\u00e1 c\u01b0\u1ee3c ch\u1ea5t l\u01b0\u1ee3ng v\u00e0 \u0111a d\u1ea1ng h\u01a1n.<\/span><\/p>\n<h3><b>S\u1ea3nh CMD<\/b><\/h3>\n<p><span style=\"font-weight: 400;\">CMD l\u00e0 m\u1ed9t trong nh\u1eefng s\u1ea3nh <\/span><b>th\u1ec3 thao n<\/b><span style=\"font-weight: 400;\">\u1ed5i ti\u1ebfng \u0111ang \u0111\u01b0\u1ee3c nhi\u1ec1u h\u1ed9i vi\u00ean l\u1ef1a ch\u1ecdn khi tham gia gi\u1ea3i tr\u00ed tr\u1ef1c tuy\u1ebfn. Nh\u00e0 ph\u00e1t h\u00e0nh n\u00e0y li\u00ean t\u1ee5c c\u1eadp nh\u1eadt nhi\u1ec1u gi\u1ea3i \u0111\u1ea5u l\u1edbn tr\u00ean to\u00e0n th\u1ebf gi\u1edbi c\u00f9ng t\u1ef7 l\u1ec7 c\u01b0\u1ee3c c\u1ea1nh tranh nh\u1eb1m gi\u00fap ng\u01b0\u1eddi ch\u01a1i d\u1ec5 d\u00e0ng tham gia c\u00e1 c\u01b0\u1ee3c hi\u1ec7u qu\u1ea3.<\/span><\/p>\n<p>Xem th\u00eam: <a href=\"https:\/\/qs88best.com\/xo-so\/\"><strong>X\u1ed5 s\u1ed1<\/strong><\/a><\/p>\n<h3><b>S\u1ea3nh UG<\/b><\/h3>\n<p><span style=\"font-weight: 400;\">UG l\u00e0 \u0111\u01a1n v\u1ecb ph\u00e1t h\u00e0nh \u0111\u00e3 h\u1ee3p t\u00e1c l\u00e2u d\u00e0i c\u00f9ng QS88 v\u00e0 lu\u00f4n mang \u0111\u1ebfn cho ng\u01b0\u1eddi ch\u01a1i nh\u1eefng tr\u1ea3i nghi\u1ec7m gi\u1ea3i tr\u00ed \u1ed5n \u0111\u1ecbnh. C\u00e1c tr\u1eadn \u0111\u1ea5u t\u1ea1i \u0111\u00e2y \u0111\u1ec1u s\u1edf h\u1eefu ch\u1ea5t l\u01b0\u1ee3ng ph\u00e1t s\u00f3ng t\u1ed1t c\u00f9ng t\u1ef7 l\u1ec7 odds h\u1ea5p d\u1eabn gi\u00fap h\u1ed9i vi\u00ean n\u00e2ng cao c\u01a1 h\u1ed9i nh\u1eadn th\u01b0\u1edfng khi tham gia c\u00e1 c\u01b0\u1ee3c.<\/span><\/p>\n<h3><b>S\u1ea3nh BTI<\/b><\/h3>\n<p><span style=\"font-weight: 400;\">BTI l\u00e0 l\u1ef1a ch\u1ecdn ph\u00f9 h\u1ee3p d\u00e0nh cho ng\u01b0\u1eddi ch\u01a1i y\u00eau th\u00edch s\u1ef1 \u0111a d\u1ea1ng trong c\u00e1c h\u00ecnh th\u1ee9c c\u00e1 c\u01b0\u1ee3c <\/span><b>th\u1ec3 thao<\/b><span style=\"font-weight: 400;\">. Nh\u00e0 ph\u00e1t h\u00e0nh n\u00e0y cung c\u1ea5p \u0111\u1ea7y \u0111\u1ee7 nh\u1eefng b\u1ed9 m\u00f4n truy\u1ec1n th\u1ed1ng, \u0111i\u1ec7n t\u1eed v\u00e0 c\u1ea3 h\u00ecnh th\u1ee9c \u1ea3o gi\u00fap h\u1ed9i vi\u00ean c\u00f3 th\u00eam nhi\u1ec1u l\u1ef1a ch\u1ecdn khi truy c\u1eadp v\u00e0o h\u1ec7 th\u1ed1ng.<\/span><\/p>\n<figure id=\"attachment_113\" aria-describedby=\"caption-attachment-113\" style=\"width: 800px\" class=\"wp-caption aligncenter\"><img loading=\"lazy\" decoding=\"async\" class=\"size-full wp-image-113\" src=\"https:\/\/qs88best.com\/wp-content\/uploads\/2026\/05\/sanh-bti-chat-luong-co-nhieu-bo-mon.webp\" alt=\"S\u1ea3nh BTI ch\u1ea5t l\u01b0\u1ee3ng c\u00f3 nhi\u1ec1u b\u1ed9 m\u00f4n\" width=\"800\" height=\"400\" srcset=\"https:\/\/qs88best.com\/wp-content\/uploads\/2026\/05\/sanh-bti-chat-luong-co-nhieu-bo-mon.webp 800w, https:\/\/qs88best.com\/wp-content\/uploads\/2026\/05\/sanh-bti-chat-luong-co-nhieu-bo-mon-300x150.webp 300w, https:\/\/qs88best.com\/wp-content\/uploads\/2026\/05\/sanh-bti-chat-luong-co-nhieu-bo-mon-768x384.webp 768w\" sizes=\"auto, (max-width: 800px) 100vw, 800px\" \/><figcaption id=\"caption-attachment-113\" class=\"wp-caption-text\">S\u1ea3nh BTI ch\u1ea5t l\u01b0\u1ee3ng c\u00f3 nhi\u1ec1u b\u1ed9 m\u00f4n<\/figcaption><\/figure>\n<h2><b>4 \u01afu \u0111i\u1ec3m h\u00e0ng \u0111\u1ea7u c\u1ee7a chuy\u00ean m\u1ee5c th\u1ec3 thao<\/b><\/h2>\n<p><span style=\"font-weight: 400;\">Khi tham gia gi\u1ea3i tr\u00ed t\u1ea1i chuy\u00ean m\u1ee5c, ng\u01b0\u1eddi ch\u01a1i s\u1ebd nh\u1eadn \u0111\u01b0\u1ee3c r\u1ea5t nhi\u1ec1u \u01b0u \u0111i\u1ec3m n\u1ed5i b\u1eadt nh\u1eb1m n\u00e2ng cao tr\u1ea3i nghi\u1ec7m c\u00e1 c\u01b0\u1ee3c m\u1ed7i ng\u00e0y.<\/span><\/p>\n<ul>\n<li style=\"font-weight: 400;\" aria-level=\"1\"><span style=\"font-weight: 400;\">H\u1ec7 th\u1ed1ng lu\u00f4n c\u1eadp nh\u1eadt nhanh ch\u00f3ng l\u1ecbch thi \u0111\u1ea5u, t\u1ef7 l\u1ec7 k\u00e8o v\u00e0 c\u00e1c th\u00f4ng tin li\u00ean quan \u0111\u1ebfn t\u1eebng tr\u1eadn \u0111\u1ea5u nh\u1eb1m gi\u00fap h\u1ed9i vi\u00ean ch\u1ee7 \u0111\u1ed9ng theo d\u00f5i d\u1ec5 d\u00e0ng h\u01a1n trong qu\u00e1 tr\u00ecnh gi\u1ea3i tr\u00ed.<\/span><\/li>\n<li style=\"font-weight: 400;\" aria-level=\"1\"><span style=\"font-weight: 400;\">Giao di\u1ec7n chuy\u00ean m\u1ee5c \u0111\u01b0\u1ee3c thi\u1ebft k\u1ebf khoa h\u1ecdc v\u1edbi c\u00e1ch b\u1ed1 tr\u00ed r\u00f5 r\u00e0ng gi\u00fap ng\u01b0\u1eddi ch\u01a1i thao t\u00e1c \u0111\u1eb7t c\u01b0\u1ee3c nhanh ch\u00f3ng ngay c\u1ea3 khi m\u1edbi tham gia l\u1ea7n \u0111\u1ea7u ti\u00ean.<\/span><\/li>\n<li style=\"font-weight: 400;\" aria-level=\"1\"><span style=\"font-weight: 400;\">T\u1ef7 l\u1ec7 tr\u1ea3 th\u01b0\u1edfng t\u1ea1i <\/span><b>th\u1ec3 thao<\/b><span style=\"font-weight: 400;\"> lu\u00f4n n\u1eb1m trong nh\u00f3m c\u1ea1nh tranh tr\u00ean th\u1ecb tr\u01b0\u1eddng n\u00ean ch\u1ec9 c\u1ea7n d\u1ef1 \u0111o\u00e1n ch\u00ednh x\u00e1c, ng\u01b0\u1eddi ch\u01a1i \u0111\u00e3 c\u00f3 c\u01a1 h\u1ed9i nh\u1eadn v\u1ec1 kho\u1ea3n l\u1ee3i nhu\u1eadn h\u1ea5p d\u1eabn.<\/span><\/li>\n<li style=\"font-weight: 400;\" aria-level=\"1\"><span style=\"font-weight: 400;\">S\u1ed1 l\u01b0\u1ee3ng b\u1ed9 m\u00f4n \u0111a d\u1ea1ng c\u00f9ng nhi\u1ec1u gi\u1ea3i \u0111\u1ea5u l\u1edbn nh\u1ecf kh\u00e1c nhau gi\u00fap \u0111\u00e1p \u1ee9ng t\u1ed1i \u0111a nhu c\u1ea7u gi\u1ea3i tr\u00ed c\u1ee7a m\u1ecdi th\u00e0nh vi\u00ean khi tham gia c\u00e1 c\u01b0\u1ee3c tr\u1ef1c tuy\u1ebfn.<\/span><\/li>\n<\/ul>\n<h2><b>K\u1ebft lu\u1eadn<\/b><\/h2>\n<p><span style=\"font-weight: 400;\">B\u00e0i vi\u1ebft tr\u00ean \u0111\u00e3 t\u1ed5ng h\u1ee3p \u0111\u1ea7y \u0111\u1ee7 nh\u1eefng th\u00f4ng tin quan tr\u1ecdng v\u1ec1 chuy\u00ean m\u1ee5c<\/span><b> th\u1ec3 thao<\/b><span style=\"font-weight: 400;\"> c\u00f9ng c\u00e1c b\u1ed9 m\u00f4n n\u1ed5i b\u1eadt v\u00e0 s\u1ea3nh gi\u1ea3i tr\u00ed uy t\u00edn hi\u1ec7n nay. Hy v\u1ecdng r\u1eb1ng qua nh\u1eefng chia s\u1ebb chi ti\u1ebft n\u00e0y, ng\u01b0\u1eddi ch\u01a1i s\u1ebd hi\u1ec3u r\u00f5 h\u01a1n v\u1ec1 \u01b0u \u0111i\u1ec3m c\u1ee7a h\u1ec7 th\u1ed1ng \u0111\u1ec3 t\u1ef1 tin tham gia c\u00e1 c\u01b0\u1ee3c v\u00e0 kh\u00e1m ph\u00e1 nhi\u1ec1u gi\u1ea3i \u0111\u1ea5u h\u1ea5p d\u1eabn m\u1ed7i ng\u00e0y. \u0110\u1eebng qu\u00ean \u0111\u0103ng k\u00fd t\u00e0i kho\u1ea3n t\u1ea1i QS88 \u0111\u1ec3 tr\u1ea3i nghi\u1ec7m th\u00eam nhi\u1ec1u s\u1ea3n ph\u1ea9m gi\u1ea3i tr\u00ed ch\u1ea5t l\u01b0\u1ee3ng kh\u00e1c ngay h\u00f4m nay.<\/span><\/p>\n","protected":false},"excerpt":{"rendered":"<p>Th\u1ec3 Thao &#8211; C\u1eadp Nh\u1eadt Gi\u1ea3i \u0110\u1ea5u H\u1ea5p D\u1eabn N\u1ed5i B\u1eadt M\u1ed7i Ng\u00e0y Th\u1ec3 thao l\u00e0 chuy\u00ean m\u1ee5c gi\u1ea3i tr\u00ed n\u1ed5i b\u1eadt \u0111ang thu h\u00fat \u0111\u00f4ng \u0111\u1ea3o ng\u01b0\u1eddi ch\u01a1i tham gia c\u00e1 c\u01b0\u1ee3c m\u1ed7i ng\u00e0y tr\u00ean h\u1ec7 th\u1ed1ng. Khi truy c\u1eadp v\u00e0o chuy\u00ean m\u1ee5c n\u00e0y, h\u1ed9i vi\u00ean QS 88 s\u1ebd c\u00f3 c\u01a1 h\u1ed9i theo d\u00f5i [&#8230;]\n","protected":false},"author":1,"featured_media":114,"parent":0,"menu_order":0,"comment_status":"closed","ping_status":"closed","template":"","meta":{"footnotes":""},"class_list":["post-22","page","type-page","status-publish","has-post-thumbnail","hentry"],"_links":{"self":[{"href":"https:\/\/qs88best.com\/index.php\/wp-json\/wp\/v2\/pages\/22","targetHints":{"allow":["GET"]}}],"collection":[{"href":"https:\/\/qs88best.com\/index.php\/wp-json\/wp\/v2\/pages"}],"about":[{"href":"https:\/\/qs88best.com\/index.php\/wp-json\/wp\/v2\/types\/page"}],"author":[{"embeddable":true,"href":"https:\/\/qs88best.com\/index.php\/wp-json\/wp\/v2\/users\/1"}],"replies":[{"embeddable":true,"href":"https:\/\/qs88best.com\/index.php\/wp-json\/wp\/v2\/comments?post=22"}],"version-history":[{"count":3,"href":"https:\/\/qs88best.com\/index.php\/wp-json\/wp\/v2\/pages\/22\/revisions"}],"predecessor-version":[{"id":118,"href":"https:\/\/qs88best.com\/index.php\/wp-json\/wp\/v2\/pages\/22\/revisions\/118"}],"wp:featuredmedia":[{"embeddable":true,"href":"https:\/\/qs88best.com\/index.php\/wp-json\/wp\/v2\/media\/114"}],"wp:attachment":[{"href":"https:\/\/qs88best.com\/index.php\/wp-json\/wp\/v2\/media?parent=22"}],"curies":[{"name":"wp","href":"https:\/\/api.w.org\/{rel}","templated":true}]}}