{"id":20,"date":"2026-05-08T03:36:31","date_gmt":"2026-05-08T03:36:31","guid":{"rendered":"https:\/\/qs88best.com\/?page_id=20"},"modified":"2026-05-11T01:42:00","modified_gmt":"2026-05-11T01:42:00","slug":"da-ga","status":"publish","type":"page","link":"https:\/\/qs88best.com\/index.php\/da-ga\/","title":{"rendered":"\u0110\u00e1 g\u00e0"},"content":{"rendered":"<h1 style=\"text-align: center;\"><b>\u0110\u00e1 G\u00e0 &#8211; H\u00f2a M\u00ecnh C\u00f9ng Kh\u00f4ng Kh\u00ed S\u00f4i N\u1ed5i, N\u00e1o Nhi\u1ec7t<\/b><\/h1>\n<p><a href=\"https:\/\/qs88best.com\/da-ga\/\"><b>\u0110\u00e1 g\u00e0<\/b><\/a><span style=\"font-weight: 400;\"> l\u00e0 chuy\u00ean m\u1ee5c gi\u1ea3i tr\u00ed h\u1ea5p d\u1eabn \u0111ang thu h\u00fat \u0111\u00f4ng \u0111\u1ea3o ng\u01b0\u1eddi ch\u01a1i tham gia theo d\u00f5i v\u00e0 c\u00e1 c\u01b0\u1ee3c m\u1ed7i ng\u00e0y. Khi truy c\u1eadp v\u00e0o h\u1ec7 th\u1ed1ng, th\u00e0nh vi\u00ean s\u1ebd \u0111\u01b0\u1ee3c th\u01b0\u1edfng th\u1ee9c h\u00e0ng lo\u1ea1t tr\u1eadn \u0111\u1ea5u gay c\u1ea5n gi\u1eefa nh\u1eefng chi\u1ebfn k\u00ea h\u00e0ng \u0111\u1ea7u \u0111\u1ebfn t\u1eeb nhi\u1ec1u \u0111\u1ea5u tr\u01b0\u1eddng n\u1ed5i ti\u1ebfng qu\u1ed1c t\u1ebf. \u0110\u1ec3 hi\u1ec3u r\u00f5 h\u01a1n v\u1ec1 chuy\u00ean m\u1ee5c h\u1ea5p d\u1eabn n\u00e0y t\u1ea1i <\/span><a href=\"https:\/\/qs88best.com\/\"><b>QS88 com<\/b><\/a><span style=\"font-weight: 400;\">, b\u1ea1n h\u00e3y tham kh\u1ea3o n\u1ed9i dung chi ti\u1ebft ngay sau \u0111\u00e2y.<\/span><\/p>\n<h2><b>Gi\u1edbi thi\u1ec7u v\u1ec1 chuy\u00ean m\u1ee5c \u0111\u00e1 g\u00e0\u00a0<\/b><\/h2>\n<p><b>\u0110\u00e1 g\u00e0<\/b><span style=\"font-weight: 400;\"> l\u00e0 s\u00e2n ch\u01a1i quy t\u1ee5 h\u00e0ng lo\u1ea1t tr\u1eadn thi \u0111\u1ea5u h\u1ea5p d\u1eabn gi\u1eefa c\u00e1c chi\u1ebfn k\u00ea n\u1ed5i ti\u1ebfng \u0111\u01b0\u1ee3c t\u1ed5 ch\u1ee9c li\u00ean t\u1ee5c m\u1ed7i ng\u00e0y. T\u1ea5t c\u1ea3 c\u00e1c m\u00e0n so t\u00e0i \u0111\u1ec1u \u0111\u01b0\u1ee3c truy\u1ec1n h\u00ecnh tr\u1ef1c ti\u1ebfp t\u1eeb nhi\u1ec1u tr\u01b0\u1eddng g\u00e0 l\u1edbn t\u1ea1i Philippines, Campuchia v\u00e0 Th\u00e1i Lan v\u1edbi ch\u1ea5t l\u01b0\u1ee3ng h\u00ecnh \u1ea3nh v\u00f4 c\u00f9ng ch\u00e2n th\u1ef1c. H\u1ec7 th\u1ed1ng s\u1eed d\u1ee5ng c\u00f4ng ngh\u1ec7 livestream hi\u1ec7n \u0111\u1ea1i gi\u00fap \u00e2m thanh r\u00f5 r\u00e0ng, \u0111\u01b0\u1eddng truy\u1ec1n \u1ed5n \u0111\u1ecbnh v\u00e0 h\u1ea1n ch\u1ebf t\u1ed1i \u0111a t\u00ecnh tr\u1ea1ng gi\u1eadt lag khi theo d\u00f5i.<\/span><\/p>\n<p><span style=\"font-weight: 400;\">Ngo\u00e0i vi\u1ec7c theo d\u00f5i c\u00e1c tr\u1eadn \u0111\u1ea5u \u0111\u1ec9nh cao, ng\u01b0\u1eddi ch\u01a1i c\u00f2n c\u00f3 th\u1ec3 tham gia \u0111\u1eb7t c\u01b0\u1ee3c v\u1edbi nhi\u1ec1u lo\u1ea1i k\u00e8o kh\u00e1c nhau v\u00f4 c\u00f9ng h\u1ea5p d\u1eabn. M\u1ed7i c\u1eeda c\u01b0\u1ee3c \u0111\u1ec1u s\u1edf h\u1eefu t\u1ef7 l\u1ec7 thanh to\u00e1n cao gi\u00fap th\u00e0nh vi\u00ean d\u1ec5 d\u00e0ng nh\u1eadn v\u1ec1 kho\u1ea3n ti\u1ec1n th\u01b0\u1edfng gi\u00e1 tr\u1ecb khi \u0111\u01b0a ra l\u1ef1a ch\u1ecdn ch\u00ednh x\u00e1c.<\/span><\/p>\n<figure id=\"attachment_108\" aria-describedby=\"caption-attachment-108\" style=\"width: 800px\" class=\"wp-caption aligncenter\"><img loading=\"lazy\" decoding=\"async\" class=\"size-full wp-image-108\" src=\"https:\/\/qs88best.com\/wp-content\/uploads\/2026\/05\/da-ga-chuyen-muc-noi-bat-va-soi-dong.webp\" alt=\"\u0110\u00e1 g\u00e0 - Chuy\u00ean m\u1ee5c n\u1ed5i b\u1eadt v\u00e0 s\u00f4i \u0111\u1ed9ng\" width=\"800\" height=\"400\" srcset=\"https:\/\/qs88best.com\/wp-content\/uploads\/2026\/05\/da-ga-chuyen-muc-noi-bat-va-soi-dong.webp 800w, https:\/\/qs88best.com\/wp-content\/uploads\/2026\/05\/da-ga-chuyen-muc-noi-bat-va-soi-dong-300x150.webp 300w, https:\/\/qs88best.com\/wp-content\/uploads\/2026\/05\/da-ga-chuyen-muc-noi-bat-va-soi-dong-768x384.webp 768w\" sizes=\"auto, (max-width: 800px) 100vw, 800px\" \/><figcaption id=\"caption-attachment-108\" class=\"wp-caption-text\">\u0110\u00e1 g\u00e0 &#8211; Chuy\u00ean m\u1ee5c n\u1ed5i b\u1eadt v\u00e0 s\u00f4i \u0111\u1ed9ng<\/figcaption><\/figure>\n<h2><b>T\u1ed5ng h\u1ee3p s\u1ea3n ph\u1ea9m \u0111\u00e1 g\u00e0 k\u1ecbch t\u00ednh, c\u0103ng th\u1eb3ng<\/b><\/h2>\n<p><span style=\"font-weight: 400;\">D\u01b0\u1edbi \u0111\u00e2y l\u00e0 nh\u1eefng lo\u1ea1i h\u00ecnh n\u1ed5i b\u1eadt \u0111ang nh\u1eadn \u0111\u01b0\u1ee3c nhi\u1ec1u s\u1ef1 quan t\u00e2m t\u1eeb c\u1ed9ng \u0111\u1ed3ng ng\u01b0\u1eddi ch\u01a1i t\u1ea1i h\u1ec7 th\u1ed1ng.<\/span><\/p>\n<h3><b>\u0110\u00e1 g\u00e0 c\u1ef1a s\u1eaft<\/b><\/h3>\n<p><b>\u0110\u00e1 g\u00e0<\/b><span style=\"font-weight: 400;\"> c\u1ef1a s\u1eaft l\u00e0 lo\u1ea1i h\u00ecnh thi \u0111\u1ea5u h\u1ea5p d\u1eabn n\u1ed5i b\u1eadt v\u1edbi nh\u1ecbp \u0111\u1ed9 nhanh v\u00e0 m\u1ee9c \u0111\u1ed9 k\u1ecbch t\u00ednh cao trong t\u1eebng pha ra \u0111\u00f2n. Tr\u01b0\u1edbc khi b\u01b0\u1edbc v\u00e0o thi \u0111\u1ea5u, m\u1ed7i chi\u1ebfn k\u00ea s\u1ebd \u0111\u01b0\u1ee3c trang b\u1ecb th\u00eam ph\u1ea7n c\u1ef1a s\u1eaft s\u1eafc b\u00e9n gi\u00fap t\u0103ng th\u00eam kh\u1ea3 n\u0103ng h\u1ea1 g\u1ee5c \u0111\u01b0\u1ee3c \u0111\u1ed1i th\u1ee7 trong th\u1eddi gian ng\u1eafn.<\/span><\/p>\n<p><span style=\"font-weight: 400;\">Nh\u1edd t\u00ednh ch\u1ea5t quy\u1ebft li\u1ec7t c\u1ee7a h\u00ecnh th\u1ee9c n\u00e0y n\u00ean m\u1ed7i tr\u1eadn \u0111\u1ea5u th\u01b0\u1eddng ch\u1ec9 di\u1ec5n ra trong v\u00e0i ph\u00fat ng\u1eafn ng\u1ee7i nh\u01b0ng v\u1eabn mang l\u1ea1i c\u1ea3m gi\u00e1c h\u1ed3i h\u1ed9p v\u00f4 c\u00f9ng m\u00e3n nh\u00e3n cho ng\u01b0\u1eddi theo d\u00f5i.<\/span><\/p>\n<h3><b>Ch\u1ecdi g\u00e0 n\u00f2i<\/b><\/h3>\n<p><b>\u0110\u00e1 g\u00e0<\/b><span style=\"font-weight: 400;\"> n\u00f2i l\u00e0 d\u00f2ng s\u1ea3n ph\u1ea9m quen thu\u1ed9c nh\u1eadn \u0111\u01b0\u1ee3c s\u1ef1 y\u00eau th\u00edch c\u1ee7a r\u1ea5t nhi\u1ec1u th\u00e0nh vi\u00ean. C\u00e1c chi\u1ebfn k\u00ea n\u00f2i th\u01b0\u1eddng s\u1edf h\u1eefu th\u1ec3 l\u1ef1c t\u1ed1t, kh\u1ea3 n\u0103ng di chuy\u1ec3n linh ho\u1ea1t v\u00e0 l\u1ed1i \u0111\u00e1 v\u00f4 c\u00f9ng b\u1ec1n b\u1ec9 khi b\u01b0\u1edbc v\u00e0o thi \u0111\u1ea5u.<\/span><\/p>\n<p><span style=\"font-weight: 400;\">Khi theo d\u00f5i c\u00e1c tr\u1eadn \u0111\u1ea5u n\u00e0y, ng\u01b0\u1eddi ch\u01a1i s\u1ebd c\u1ea3m nh\u1eadn \u0111\u01b0\u1ee3c s\u1ef1 c\u0103ng th\u1eb3ng trong t\u1eebng pha ph\u1ea3n c\u00f4ng v\u00e0 n\u00e9 \u0111\u00f2n \u0111\u1ea7y k\u1ef9 thu\u1eadt gi\u1eefa hai chi\u1ebfn k\u00ea m\u1ea1nh m\u1ebd. Nh\u00e0 c\u00e1i c\u0169ng cung c\u1ea5p \u0111a d\u1ea1ng c\u1eeda c\u01b0\u1ee3c kh\u00e1c nhau gi\u00fap th\u00e0nh vi\u00ean d\u1ec5 d\u00e0ng tham gia d\u1ef1 \u0111o\u00e1n k\u1ebft qu\u1ea3 theo nhu c\u1ea7u c\u1ee7a m\u00ecnh.<\/span><\/p>\n<p>Xem th\u00eam: <a href=\"https:\/\/qs88best.com\/the-thao\/\"><strong>Th\u1ec3 thao<\/strong><\/a><\/p>\n<h3><b>Ch\u1ecdi g\u00e0 tre<\/b><\/h3>\n<p><span style=\"font-weight: 400;\">G\u00e0 tre tuy c\u00f3 ngo\u1ea1i h\u00ecnh nh\u1ecf h\u01a1n so v\u1edbi nhi\u1ec1u d\u00f2ng chi\u1ebfn k\u00ea kh\u00e1c nh\u01b0ng l\u1ea1i s\u1edf h\u1eefu t\u1ed1c \u0111\u1ed9 ra \u0111\u00f2n nhanh c\u00f9ng kh\u1ea3 n\u0103ng ph\u1ea3n x\u1ea1 c\u1ef1c k\u1ef3 linh ho\u1ea1t. Nh\u1eefng tr\u1eadn \u0111\u1ea5u gi\u1eefa c\u00e1c chi\u1ebfn k\u00ea g\u00e0 tre lu\u00f4n mang \u0111\u1ebfn b\u1ea7u kh\u00f4ng kh\u00ed s\u00f4i \u0111\u1ed9ng v\u00e0 h\u1ea5p d\u1eabn nh\u1edd nh\u1ecbp \u0111\u1ed9 thi \u0111\u1ea5u li\u00ean t\u1ee5c.<\/span><\/p>\n<p><span style=\"font-weight: 400;\">\u0110\u00e2y c\u0169ng l\u00e0 lo\u1ea1i h\u00ecnh \u0111\u01b0\u1ee3c nhi\u1ec1u ng\u01b0\u1eddi ch\u01a1i l\u1ef1a ch\u1ecdn theo d\u00f5i b\u1edfi t\u00ednh gi\u1ea3i tr\u00ed cao c\u00f9ng kh\u1ea3 n\u0103ng k\u1ebft th\u00fac tr\u1eadn \u0111\u1ea5u v\u00f4 c\u00f9ng b\u1ea5t ng\u1edd.<\/span><\/p>\n<figure id=\"attachment_106\" aria-describedby=\"caption-attachment-106\" style=\"width: 800px\" class=\"wp-caption aligncenter\"><img loading=\"lazy\" decoding=\"async\" class=\"size-full wp-image-106\" src=\"https:\/\/qs88best.com\/wp-content\/uploads\/2026\/05\/choi-ga-tre-cang-thang-day-kich-tinh.webp\" alt=\"Ch\u1ecdi g\u00e0 tre c\u0103ng th\u1eb3ng, \u0111\u1ea7y k\u1ecbch t\u00ednh\" width=\"800\" height=\"400\" srcset=\"https:\/\/qs88best.com\/wp-content\/uploads\/2026\/05\/choi-ga-tre-cang-thang-day-kich-tinh.webp 800w, https:\/\/qs88best.com\/wp-content\/uploads\/2026\/05\/choi-ga-tre-cang-thang-day-kich-tinh-300x150.webp 300w, https:\/\/qs88best.com\/wp-content\/uploads\/2026\/05\/choi-ga-tre-cang-thang-day-kich-tinh-768x384.webp 768w\" sizes=\"auto, (max-width: 800px) 100vw, 800px\" \/><figcaption id=\"caption-attachment-106\" class=\"wp-caption-text\">Ch\u1ecdi g\u00e0 tre c\u0103ng th\u1eb3ng, \u0111\u1ea7y k\u1ecbch t\u00ednh<\/figcaption><\/figure>\n<h2><b>Danh s\u00e1ch s\u1ea3nh ch\u01a1i \u0111\u00e1 g\u00e0 \u0111\u1eb3ng c\u1ea5p, th\u00fa v\u1ecb<\/b><\/h2>\n<p><span style=\"font-weight: 400;\">QS88 hi\u1ec7n \u0111ang li\u00ean k\u1ebft v\u1edbi nhi\u1ec1u \u0111\u01a1n v\u1ecb ph\u00e1t h\u00e0nh n\u1ed5i ti\u1ebfng nh\u1eb1m mang \u0111\u1ebfn cho ng\u01b0\u1eddi ch\u01a1i tr\u1ea3i nghi\u1ec7m c\u00e1 c\u01b0\u1ee3c ch\u1ea5t l\u01b0\u1ee3ng v\u00e0 \u0111a d\u1ea1ng h\u01a1n m\u1ed7i ng\u00e0y.<\/span><\/p>\n<h3><b>S\u1ea3nh WS168<\/b><\/h3>\n<p><span style=\"font-weight: 400;\">WS168 l\u00e0 m\u1ed9t trong nh\u1eefng s\u1ea3nh <\/span><b>\u0111\u00e1 g\u00e0<\/b><span style=\"font-weight: 400;\"> n\u1ed5i ti\u1ebfng \u0111\u01b0\u1ee3c \u0111\u00f4ng \u0111\u1ea3o h\u1ed9i vi\u00ean l\u1ef1a ch\u1ecdn khi tham gia c\u00e1 c\u01b0\u1ee3c tr\u1ef1c tuy\u1ebfn. H\u1ec7 th\u1ed1ng li\u00ean t\u1ee5c c\u1eadp nh\u1eadt c\u00e1c tr\u1eadn \u0111\u1ea5u m\u1edbi c\u00f9ng nhi\u1ec1u lo\u1ea1i k\u00e8o h\u1ea5p d\u1eabn gi\u00fap ng\u01b0\u1eddi ch\u01a1i d\u1ec5 d\u00e0ng theo d\u00f5i v\u00e0 d\u1ef1 \u0111o\u00e1n k\u1ebft qu\u1ea3 theo phong c\u00e1ch ri\u00eang c\u1ee7a m\u00ecnh.<\/span><\/p>\n<h3><b>S\u1ea3nh SV128<\/b><\/h3>\n<p><span style=\"font-weight: 400;\">SV128 mang \u0111\u1ebfn cho th\u00e0nh vi\u00ean h\u00e0ng lo\u1ea1t tr\u1eadn \u0111\u1ea5u h\u1ea5p d\u1eabn gi\u1eefa c\u00e1c d\u00f2ng chi\u1ebfn k\u00ea n\u1ed5i ti\u1ebfng nh\u01b0 g\u00e0 tre, g\u00e0 n\u00f2i hay c\u00e1c tr\u1eadn Thomo \u0111\u1ec9nh cao. Ch\u1ea5t l\u01b0\u1ee3ng h\u00ecnh \u1ea3nh r\u00f5 n\u00e9t c\u00f9ng \u00e2m thanh s\u1ed1ng \u0111\u1ed9ng gi\u00fap ng\u01b0\u1eddi ch\u01a1i c\u00f3 c\u1ea3m gi\u00e1c ch\u00e2n th\u1ef1c nh\u01b0 \u0111ang tr\u1ef1c ti\u1ebfp theo d\u00f5i t\u1ea1i tr\u01b0\u1eddng \u0111\u1ea5u th\u1ef1c t\u1ebf.<\/span><\/p>\n<h3><b>S\u1ea3nh AOG<\/b><\/h3>\n<p><span style=\"font-weight: 400;\">AOG l\u00e0 s\u1ea3nh ch\u01a1i \u0111\u00e3 \u0111\u1ed3ng h\u00e0nh c\u00f9ng chuy\u00ean m\u1ee5c <\/span><b>\u0111\u00e1 g\u00e0<\/b><span style=\"font-weight: 400;\"> trong th\u1eddi gian d\u00e0i v\u00e0 lu\u00f4n nh\u1eadn \u0111\u01b0\u1ee3c \u0111\u00e1nh gi\u00e1 cao t\u1eeb c\u1ed9ng \u0111\u1ed3ng ng\u01b0\u1eddi ch\u01a1i. M\u1ed7i tr\u1eadn \u0111\u1ea5u \u0111\u1ec1u \u0111\u01b0\u1ee3c ki\u1ec3m so\u00e1t nghi\u00eam ng\u1eb7t nh\u1eb1m \u0111\u1ea3m b\u1ea3o t\u00ednh minh b\u1ea1ch v\u00e0 c\u00f4ng b\u1eb1ng tuy\u1ec7t \u0111\u1ed1i trong qu\u00e1 tr\u00ecnh di\u1ec5n ra.<\/span><\/p>\n<figure id=\"attachment_109\" aria-describedby=\"caption-attachment-109\" style=\"width: 800px\" class=\"wp-caption aligncenter\"><img loading=\"lazy\" decoding=\"async\" class=\"size-full wp-image-109\" src=\"https:\/\/qs88best.com\/wp-content\/uploads\/2026\/05\/sanh-aog-voi-hang-tram-tran-dau-moi-ngay.webp\" alt=\"S\u1ea3nh AOG v\u1edbi h\u00e0ng tr\u0103m tr\u1eadn \u0111\u1ea5u m\u1ed7i ng\u00e0y\" width=\"800\" height=\"400\" srcset=\"https:\/\/qs88best.com\/wp-content\/uploads\/2026\/05\/sanh-aog-voi-hang-tram-tran-dau-moi-ngay.webp 800w, https:\/\/qs88best.com\/wp-content\/uploads\/2026\/05\/sanh-aog-voi-hang-tram-tran-dau-moi-ngay-300x150.webp 300w, https:\/\/qs88best.com\/wp-content\/uploads\/2026\/05\/sanh-aog-voi-hang-tram-tran-dau-moi-ngay-768x384.webp 768w\" sizes=\"auto, (max-width: 800px) 100vw, 800px\" \/><figcaption id=\"caption-attachment-109\" class=\"wp-caption-text\">S\u1ea3nh AOG v\u1edbi h\u00e0ng tr\u0103m tr\u1eadn \u0111\u1ea5u m\u1ed7i ng\u00e0y<\/figcaption><\/figure>\n<h2><b>B\u00ed quy\u1ebft chinh ph\u1ee5c c\u00e1c h\u00ecnh th\u1ee9c \u0111\u00e1 g\u00e0 tr\u1ef1c tuy\u1ebfn<\/b><\/h2>\n<p><span style=\"font-weight: 400;\">D\u01b0\u1edbi \u0111\u00e2y l\u00e0 m\u1ed9t s\u1ed1 m\u1eb9o ch\u01a1i d\u1ea1ng li\u1ec7t k\u00ea gi\u00fap ng\u01b0\u1eddi ch\u01a1i t\u0103ng kh\u1ea3 n\u0103ng chi\u1ebfn th\u1eafng v\u00e0 h\u1ea1n ch\u1ebf r\u1ee7i ro khi tham gia.<\/span><\/p>\n<ul>\n<li style=\"font-weight: 400;\" aria-level=\"1\"><span style=\"font-weight: 400;\">Ch\u1ecdn chi\u1ebfn k\u00ea c\u00f3 th\u1ec3 l\u1ef1c t\u1ed1t: \u01afu ti\u00ean nh\u1eefng con g\u00e0 c\u00f3 th\u00e2n h\u00ecnh s\u0103n ch\u1eafc, ch\u00e2n kh\u1ecfe, m\u1eaft tinh anh v\u00e0 ph\u1ea3n x\u1ea1 nhanh \u0111\u1ec3 \u0111\u1ea3m b\u1ea3o s\u1ee9c b\u1ec1n trong tr\u1eadn \u0111\u1ea5u.<\/span><\/li>\n<li style=\"font-weight: 400;\" aria-level=\"1\"><span style=\"font-weight: 400;\">Quan s\u00e1t l\u1ed1i \u0111\u00e1 c\u1ee7a g\u00e0: M\u1ed7i chi\u1ebfn k\u00ea s\u1ebd c\u00f3 phong c\u00e1ch ri\u00eang nh\u01b0 \u0111\u00e1 m\u00e9, \u0111\u00e1 h\u1ea7u hay \u0111\u00e1 c\u1ef1a. Hi\u1ec3u r\u00f5 l\u1ed1i \u0111\u00e1 gi\u00fap d\u1ec5 d\u1ef1 \u0111o\u00e1n k\u1ebft qu\u1ea3 h\u01a1n.<\/span><\/li>\n<li style=\"font-weight: 400;\" aria-level=\"1\"><span style=\"font-weight: 400;\">\u01afu ti\u00ean g\u00e0 c\u00f3 th\u00e0nh t\u00edch \u1ed5n \u0111\u1ecbnh: Nh\u1eefng chi\u1ebfn k\u00ea t\u1eebng th\u1eafng nhi\u1ec1u tr\u1eadn th\u01b0\u1eddng c\u00f3 kinh nghi\u1ec7m v\u00e0 t\u00e2m l\u00fd thi \u0111\u1ea5u t\u1ed1t h\u01a1n.<\/span><\/li>\n<li style=\"font-weight: 400;\" aria-level=\"1\"><span style=\"font-weight: 400;\">Theo d\u00f5i t\u00ecnh tr\u1ea1ng tr\u01b0\u1edbc tr\u1eadn: Kh\u00f4ng n\u00ean ch\u1ecdn g\u00e0 c\u00f3 d\u1ea5u hi\u1ec7u m\u1ec7t, b\u1ecf \u0103n ho\u1eb7c di chuy\u1ec3n ch\u1eadm v\u00ec d\u1ec5 xu\u1ed1ng s\u1ee9c khi thi \u0111\u1ea5u.<\/span><\/li>\n<li style=\"font-weight: 400;\" aria-level=\"1\"><span style=\"font-weight: 400;\">T\u00ecm hi\u1ec3u k\u1ef9 \u0111\u1ed1i th\u1ee7: So s\u00e1nh c\u00e2n n\u1eb7ng, chi\u1ec1u cao, t\u1ed1c \u0111\u1ed9 v\u00e0 kinh nghi\u1ec7m c\u1ee7a hai chi\u1ebfn k\u00ea tr\u01b0\u1edbc khi \u0111\u1eb7t c\u01b0\u1ee3c.<\/span><\/li>\n<\/ul>\n<h2><b>K\u1ebft lu\u1eadn<\/b><\/h2>\n<p><span style=\"font-weight: 400;\">B\u00e0i vi\u1ebft \u0111\u00e3 t\u1ed5ng h\u1ee3p \u0111\u1ea7y \u0111\u1ee7 th\u00f4ng tin v\u1ec1 chuy\u00ean m\u1ee5c gi\u1ea3i tr\u00ed <\/span><b>\u0111\u00e1 g\u00e0 <\/b><span style=\"font-weight: 400;\">c\u00f9ng nh\u1eefng \u01b0u \u0111i\u1ec3m n\u1ed5i b\u1eadt \u0111ang thu h\u00fat \u0111\u00f4ng \u0111\u1ea3o ng\u01b0\u1eddi ch\u01a1i hi\u1ec7n nay. Hy v\u1ecdng r\u1eb1ng qua nh\u1eefng chia s\u1ebb chi ti\u1ebft n\u00e0y c\u1ee7a QS88, th\u00e0nh vi\u00ean s\u1ebd hi\u1ec3u r\u00f5 h\u01a1n v\u1ec1 c\u00e1c s\u1ea3n ph\u1ea9m h\u1ea5p d\u1eabn c\u0169ng nh\u01b0 kinh nghi\u1ec7m c\u00e1 c\u01b0\u1ee3c hi\u1ec7u qu\u1ea3 \u0111\u1ec3 t\u1ef1 tin tham gia gi\u1ea3i tr\u00ed v\u00e0 s\u0103n th\u01b0\u1edfng m\u1ed7i ng\u00e0y.<\/span><\/p>\n","protected":false},"excerpt":{"rendered":"<p>\u0110\u00e1 G\u00e0 &#8211; H\u00f2a M\u00ecnh C\u00f9ng Kh\u00f4ng Kh\u00ed S\u00f4i N\u1ed5i, N\u00e1o Nhi\u1ec7t \u0110\u00e1 g\u00e0 l\u00e0 chuy\u00ean m\u1ee5c gi\u1ea3i tr\u00ed h\u1ea5p d\u1eabn \u0111ang thu h\u00fat \u0111\u00f4ng \u0111\u1ea3o ng\u01b0\u1eddi ch\u01a1i tham gia theo d\u00f5i v\u00e0 c\u00e1 c\u01b0\u1ee3c m\u1ed7i ng\u00e0y. Khi truy c\u1eadp v\u00e0o h\u1ec7 th\u1ed1ng, th\u00e0nh vi\u00ean s\u1ebd \u0111\u01b0\u1ee3c th\u01b0\u1edfng th\u1ee9c h\u00e0ng lo\u1ea1t tr\u1eadn \u0111\u1ea5u gay c\u1ea5n [&#8230;]\n","protected":false},"author":1,"featured_media":107,"parent":0,"menu_order":0,"comment_status":"closed","ping_status":"closed","template":"","meta":{"footnotes":""},"class_list":["post-20","page","type-page","status-publish","has-post-thumbnail","hentry"],"_links":{"self":[{"href":"https:\/\/qs88best.com\/index.php\/wp-json\/wp\/v2\/pages\/20","targetHints":{"allow":["GET"]}}],"collection":[{"href":"https:\/\/qs88best.com\/index.php\/wp-json\/wp\/v2\/pages"}],"about":[{"href":"https:\/\/qs88best.com\/index.php\/wp-json\/wp\/v2\/types\/page"}],"author":[{"embeddable":true,"href":"https:\/\/qs88best.com\/index.php\/wp-json\/wp\/v2\/users\/1"}],"replies":[{"embeddable":true,"href":"https:\/\/qs88best.com\/index.php\/wp-json\/wp\/v2\/comments?post=20"}],"version-history":[{"count":4,"href":"https:\/\/qs88best.com\/index.php\/wp-json\/wp\/v2\/pages\/20\/revisions"}],"predecessor-version":[{"id":117,"href":"https:\/\/qs88best.com\/index.php\/wp-json\/wp\/v2\/pages\/20\/revisions\/117"}],"wp:featuredmedia":[{"embeddable":true,"href":"https:\/\/qs88best.com\/index.php\/wp-json\/wp\/v2\/media\/107"}],"wp:attachment":[{"href":"https:\/\/qs88best.com\/index.php\/wp-json\/wp\/v2\/media?parent=20"}],"curies":[{"name":"wp","href":"https:\/\/api.w.org\/{rel}","templated":true}]}}