{"id":18,"date":"2026-05-07T11:27:28","date_gmt":"2026-05-07T11:27:28","guid":{"rendered":"https:\/\/qs88best.com\/?page_id=18"},"modified":"2026-05-11T01:39:25","modified_gmt":"2026-05-11T01:39:25","slug":"no-hu","status":"publish","type":"page","link":"https:\/\/qs88best.com\/index.php\/no-hu\/","title":{"rendered":"N\u1ed5 h\u0169"},"content":{"rendered":"<h1 style=\"text-align: center;\"><b>N\u1ed5 H\u0169 &#8211; Chuy\u00ean M\u1ee5c \u0110\u1ed5i Th\u01b0\u1edfng Xanh Ch\u00edn, Ch\u1ea5t L\u01b0\u1ee3ng<\/b><\/h1>\n<p><a href=\"https:\/\/qs88best.com\/no-hu\/\"><b>N\u1ed5 h\u0169<\/b><\/a><span style=\"font-weight: 400;\"> hi\u1ec7n \u0111ang l\u00e0 m\u1ed9t trong nh\u1eefng chuy\u00ean m\u1ee5c gi\u1ea3i tr\u00ed \u0111\u01b0\u1ee3c \u0111\u00f4ng \u0111\u1ea3o ng\u01b0\u1eddi ch\u01a1i quan t\u00e2m nh\u1edd s\u1edf h\u1eefu nhi\u1ec1u tr\u00f2 slots h\u1ea5p d\u1eabn c\u00f9ng t\u1ef7 l\u1ec7 tr\u1ea3 th\u01b0\u1edfng c\u1ea1nh tranh tr\u00ean th\u1ecb tr\u01b0\u1eddng hi\u1ec7n nay. V\u1edbi s\u1ef1 \u0111\u1ea7u t\u01b0 b\u00e0i b\u1ea3n v\u1ec1 ch\u1ea5t l\u01b0\u1ee3ng tr\u00f2 ch\u01a1i c\u0169ng nh\u01b0 h\u1ec7 th\u1ed1ng Jackpot gi\u00e1 tr\u1ecb l\u1edbn, <a href=\"https:\/\/qs88best.com\/\"><strong>QS88<\/strong><\/a> \u0111ang ng\u00e0y c\u00e0ng kh\u1eb3ng \u0111\u1ecbnh v\u1ecb th\u1ebf c\u1ee7a m\u00ecnh trong l\u0129nh v\u1ef1c game slots \u0111\u1ed5i th\u01b0\u1edfng tr\u1ef1c tuy\u1ebfn hi\u1ec7n nay.<\/span><\/p>\n<h2><b>N\u1ed5 h\u0169 l\u00e0 g\u00ec?<\/b><\/h2>\n<p><b>N\u1ed5 h\u0169<\/b><span style=\"font-weight: 400;\"> l\u00e0 chuy\u00ean m\u1ee5c cung c\u1ea5p c\u00e1c tr\u00f2 slots \u0111\u1ed5i th\u01b0\u1edfng \u0111\u01b0\u1ee3c x\u00e2y d\u1ef1ng tr\u00ean n\u1ec1n t\u1ea3ng c\u00f4ng ngh\u1ec7 hi\u1ec7n \u0111\u1ea1i nh\u1eb1m mang \u0111\u1ebfn tr\u1ea3i nghi\u1ec7m quay th\u01b0\u1edfng m\u01b0\u1ee3t m\u00e0 v\u00e0 \u1ed5n \u0111\u1ecbnh cho ng\u01b0\u1eddi tham gia. C\u00e1c game t\u1ea1i \u0111\u00e2y \u0111\u1ec1u s\u1edf h\u1eefu lu\u1eadt \u0111\u01a1n gi\u1ea3n, h\u00ecnh \u1ea3nh tr\u1ef1c quan c\u00f9ng hi\u1ec7u \u1ee9ng sinh \u0111\u1ed9ng gi\u00fap ng\u01b0\u1eddi ch\u01a1i d\u1ec5 d\u00e0ng ti\u1ebfp c\u1eadn ngay t\u1eeb l\u1ea7n tr\u1ea3i nghi\u1ec7m \u0111\u1ea7u ti\u00ean.<\/span><\/p>\n<p><span style=\"font-weight: 400;\">Ngo\u00e0i y\u1ebfu t\u1ed1 gi\u1ea3i tr\u00ed h\u1ea5p d\u1eabn, h\u1ec7 th\u1ed1ng c\u00f2n \u0111\u1eb7c bi\u1ec7t ch\u00fa tr\u1ecdng \u0111\u1ebfn t\u00ednh minh b\u1ea1ch v\u00e0 s\u1ef1 c\u00f4ng b\u1eb1ng trong to\u00e0n b\u1ed9 qu\u00e1 tr\u00ecnh v\u1eadn h\u00e0nh. M\u1ed7i v\u00f2ng quay \u0111\u1ec1u \u0111\u01b0\u1ee3c thi\u1ebft k\u1ebf theo c\u01a1 ch\u1ebf ng\u1eabu nhi\u00ean nh\u1eb1m \u0111\u1ea3m b\u1ea3o k\u1ebft qu\u1ea3 kh\u00e1ch quan v\u00e0 h\u1ea1n ch\u1ebf t\u1ed1i \u0111a m\u1ecdi t\u00ecnh tr\u1ea1ng can thi\u1ec7p kh\u00f4ng minh b\u1ea1ch t\u1eeb b\u00ean ngo\u00e0i.<\/span><\/p>\n<figure id=\"attachment_102\" aria-describedby=\"caption-attachment-102\" style=\"width: 800px\" class=\"wp-caption aligncenter\"><img loading=\"lazy\" decoding=\"async\" class=\"size-full wp-image-102\" src=\"https:\/\/qs88best.com\/wp-content\/uploads\/2026\/05\/thong-tin-co-ban-ve-no-hu-chuyen-muc-doi-thuong.webp\" alt=\"Th\u00f4ng tin c\u01a1 b\u1ea3n v\u1ec1 n\u1ed5 h\u0169 - Chuy\u00ean m\u1ee5c \u0111\u1ed5i th\u01b0\u1edfng\" width=\"800\" height=\"400\" srcset=\"https:\/\/qs88best.com\/wp-content\/uploads\/2026\/05\/thong-tin-co-ban-ve-no-hu-chuyen-muc-doi-thuong.webp 800w, https:\/\/qs88best.com\/wp-content\/uploads\/2026\/05\/thong-tin-co-ban-ve-no-hu-chuyen-muc-doi-thuong-300x150.webp 300w, https:\/\/qs88best.com\/wp-content\/uploads\/2026\/05\/thong-tin-co-ban-ve-no-hu-chuyen-muc-doi-thuong-768x384.webp 768w\" sizes=\"auto, (max-width: 800px) 100vw, 800px\" \/><figcaption id=\"caption-attachment-102\" class=\"wp-caption-text\">Th\u00f4ng tin c\u01a1 b\u1ea3n v\u1ec1 n\u1ed5 h\u0169 &#8211; Chuy\u00ean m\u1ee5c \u0111\u1ed5i th\u01b0\u1edfng<\/figcaption><\/figure>\n<h2><b>\u01afu \u0111i\u1ec3m c\u1ee7a n\u1ed5 h\u0169 l\u00e0 g\u00ec?<\/b><\/h2>\n<p><span style=\"font-weight: 400;\">S\u1ea3nh \u0111\u01b0\u1ee3c c\u1ed9ng \u0111\u1ed3ng \u0111\u00e1nh gi\u00e1 cao nh\u1edd s\u1edf h\u1eefu nhi\u1ec1u \u01b0u \u0111i\u1ec3m n\u1ed5i b\u1eadt li\u00ean quan \u0111\u1ebfn ch\u1ea5t l\u01b0\u1ee3ng tr\u00f2 ch\u01a1i c\u0169ng nh\u01b0 tr\u1ea3i nghi\u1ec7m gi\u1ea3i tr\u00ed tr\u1ef1c tuy\u1ebfn hi\u1ec7n nay.<\/span><\/p>\n<h3><b>T\u1ef7 l\u1ec7 RTP cao<\/b><\/h3>\n<p><span style=\"font-weight: 400;\">M\u1ed9t trong nh\u1eefng \u0111i\u1ec3m n\u1ed5i b\u1eadt \u0111\u1ea7u ti\u00ean c\u1ee7a<\/span><b> n\u1ed5 h\u0169 <\/b><span style=\"font-weight: 400;\">ch\u00ednh l\u00e0 t\u1ef7 l\u1ec7 RTP \u0111\u01b0\u1ee3c t\u1ed1i \u01b0u t\u01b0\u01a1ng \u0111\u1ed1i cao nh\u1eb1m mang \u0111\u1ebfn c\u01a1 h\u1ed9i nh\u1eadn th\u01b0\u1edfng h\u1ea5p d\u1eabn h\u01a1n cho ng\u01b0\u1eddi ch\u01a1i trong th\u1eddi gian d\u00e0i.<\/span><\/p>\n<p><span style=\"font-weight: 400;\">RTP l\u00e0 ch\u1ec9 s\u1ed1 th\u1ec3 hi\u1ec7n m\u1ee9c ho\u00e0n tr\u1ea3 trung b\u00ecnh m\u00e0 th\u00e0nh vi\u00ean c\u00f3 th\u1ec3 nh\u1eadn l\u1ea1i khi tham gia tr\u1ea3i nghi\u1ec7m tr\u00f2 ch\u01a1i. T\u1ea1i QS88, th\u00f4ng tin li\u00ean quan \u0111\u1ebfn t\u1ef7 l\u1ec7 RTP c\u1ee7a t\u1eebng game \u0111\u1ec1u \u0111\u01b0\u1ee3c c\u00f4ng khai r\u00f5 r\u00e0ng gi\u00fap h\u1ed9i vi\u00ean d\u1ec5 d\u00e0ng theo d\u00f5i tr\u01b0\u1edbc khi l\u1ef1a ch\u1ecdn tham gia gi\u1ea3i tr\u00ed.<\/span><\/p>\n<h3><b>Nhi\u1ec1u game slots<\/b><\/h3>\n<p><span style=\"font-weight: 400;\">S\u1ea3nh hi\u1ec7n \u0111ang s\u1edf h\u1eefu kho game slots \u0111a d\u1ea1ng v\u1edbi nhi\u1ec1u ch\u1ee7 \u0111\u1ec1 kh\u00e1c nhau nh\u1eb1m \u0111\u00e1p \u1ee9ng nhu c\u1ea7u gi\u1ea3i tr\u00ed c\u1ee7a \u0111\u00f4ng \u0111\u1ea3o ng\u01b0\u1eddi d\u00f9ng tr\u00ean th\u1ecb tr\u01b0\u1eddng hi\u1ec7n nay.<\/span><\/p>\n<p><span style=\"font-weight: 400;\">B\u1ea1n c\u00f3 th\u1ec3 d\u1ec5 d\u00e0ng b\u1eaft g\u1eb7p c\u00e1c d\u00f2ng game mang phong c\u00e1ch c\u1ed5 \u0111i\u1ec3n, hi\u1ec7n \u0111\u1ea1i ho\u1eb7c ch\u1ee7 \u0111\u1ec1 t\u00e0i l\u1ed9c quen thu\u1ed9c v\u1edbi h\u00ecnh \u1ea3nh \u0111\u01b0\u1ee3c \u0111\u1ea7u t\u01b0 s\u1eafc n\u00e9t c\u00f9ng hi\u1ec7u \u1ee9ng \u00e2m thanh s\u1ed1ng \u0111\u1ed9ng. Ch\u00ednh \u0111i\u1ec1u n\u00e0y \u0111\u00e3 gi\u00fap h\u00e0nh tr\u00ecnh quay th\u01b0\u1edfng c\u1ee7a h\u1ed9i vi\u00ean tr\u1edf n\u00ean h\u1ea5p d\u1eabn v\u00e0 th\u00fa v\u1ecb h\u01a1n r\u1ea5t nhi\u1ec1u.<\/span><\/p>\n<h3><b>Jackpot kh\u1ee7ng<\/b><\/h3>\n<p><span style=\"font-weight: 400;\">M\u1ed9t trong nh\u1eefng y\u1ebfu t\u1ed1 gi\u00fap<\/span><b> n\u1ed5 h\u0169 <\/b><span style=\"font-weight: 400;\">thu h\u00fat \u0111\u00f4ng \u0111\u1ea3o th\u00e0nh vi\u00ean hi\u1ec7n nay ch\u00ednh l\u00e0 h\u1ec7 th\u1ed1ng Jackpot gi\u00e1 tr\u1ecb l\u1edbn \u0111\u01b0\u1ee3c t\u00edch l\u0169y li\u00ean t\u1ee5c qua t\u1eebng v\u00f2ng quay.<\/span><\/p>\n<p><span style=\"font-weight: 400;\">Gi\u00e1 tr\u1ecb h\u0169 th\u01b0\u1edfng s\u1ebd t\u0103ng d\u1ea7n theo s\u1ed1 l\u01b0\u1ee3ng ng\u01b0\u1eddi tham gia tr\u1ea3i nghi\u1ec7m, t\u1eeb \u0111\u00f3 mang \u0111\u1ebfn c\u01a1 h\u1ed9i nh\u1eadn th\u01b0\u1edfng h\u1ea5p d\u1eabn d\u00e0nh cho nh\u1eefng h\u1ed9i vi\u00ean may m\u1eafn. Ng\u01b0\u1eddi ch\u01a1i ho\u00e0n to\u00e0n c\u00f3 th\u1ec3 theo d\u00f5i tr\u1ef1c ti\u1ebfp gi\u00e1 tr\u1ecb Jackpot hi\u1ec3n th\u1ecb tr\u00ean giao di\u1ec7n tr\u00f2 ch\u01a1i trong su\u1ed1t qu\u00e1 tr\u00ecnh quay th\u01b0\u1edfng.<\/span><\/p>\n<figure id=\"attachment_99\" aria-describedby=\"caption-attachment-99\" style=\"width: 800px\" class=\"wp-caption aligncenter\"><img loading=\"lazy\" decoding=\"async\" class=\"size-full wp-image-99\" src=\"https:\/\/qs88best.com\/wp-content\/uploads\/2026\/05\/game-co-gia-tri-jackpot-khung-toi-vai-ty-dong.webp\" alt=\"Game c\u00f3 gi\u00e1 tr\u1ecb Jackpot kh\u1ee7ng t\u1edbi v\u00e0i t\u1ef7 \u0111\u1ed3ng\" width=\"800\" height=\"400\" srcset=\"https:\/\/qs88best.com\/wp-content\/uploads\/2026\/05\/game-co-gia-tri-jackpot-khung-toi-vai-ty-dong.webp 800w, https:\/\/qs88best.com\/wp-content\/uploads\/2026\/05\/game-co-gia-tri-jackpot-khung-toi-vai-ty-dong-300x150.webp 300w, https:\/\/qs88best.com\/wp-content\/uploads\/2026\/05\/game-co-gia-tri-jackpot-khung-toi-vai-ty-dong-768x384.webp 768w\" sizes=\"auto, (max-width: 800px) 100vw, 800px\" \/><figcaption id=\"caption-attachment-99\" class=\"wp-caption-text\">Game c\u00f3 gi\u00e1 tr\u1ecb Jackpot kh\u1ee7ng t\u1edbi v\u00e0i t\u1ef7 \u0111\u1ed3ng<\/figcaption><\/figure>\n<h2><b>Danh s\u00e1ch tr\u00f2 ch\u01a1i n\u1ed5 h\u0169 hot nh\u1ea5t 2026<\/b><\/h2>\n<p><span style=\"font-weight: 400;\">S\u1ea3nh hi\u1ec7n \u0111ang cung c\u1ea5p r\u1ea5t nhi\u1ec1u tr\u00f2 ch\u01a1i h\u1ea5p d\u1eabn v\u1edbi n\u1ed9i dung \u0111a d\u1ea1ng nh\u1eb1m \u0111\u00e1p \u1ee9ng nhu c\u1ea7u tr\u1ea3i nghi\u1ec7m c\u1ee7a nhi\u1ec1u \u0111\u1ed1i t\u01b0\u1ee3ng ng\u01b0\u1eddi ch\u01a1i kh\u00e1c nhau tr\u00ean th\u1ecb tr\u01b0\u1eddng.<\/span><\/p>\n<h3><b>M\u00e8o chi\u00eau t\u00e0i<\/b><\/h3>\n<p><span style=\"font-weight: 400;\">M\u00e8o chi\u00eau t\u00e0i l\u00e0 tr\u00f2 ch\u01a1i mang phong c\u00e1ch \u00c1 \u0110\u00f4ng quen thu\u1ed9c v\u1edbi h\u00ecnh \u1ea3nh m\u00e8o may m\u1eafn \u0111\u01b0\u1ee3c s\u1eed d\u1ee5ng l\u00e0m bi\u1ec3u t\u01b0\u1ee3ng ch\u00ednh xuy\u00ean su\u1ed1t qu\u00e1 tr\u00ecnh tr\u1ea3i nghi\u1ec7m.<\/span><\/p>\n<p><span style=\"font-weight: 400;\">Tr\u00f2 ch\u01a1i s\u1edf h\u1eefu giao di\u1ec7n t\u01b0\u01a1i s\u00e1ng, m\u00e0u s\u1eafc b\u1eaft m\u1eaft c\u00f9ng l\u1ed1i ch\u01a1i t\u01b0\u01a1ng \u0111\u1ed1i \u0111\u01a1n gi\u1ea3n gi\u00fap ng\u01b0\u1eddi ch\u01a1i d\u1ec5 d\u00e0ng l\u00e0m quen ngay t\u1eeb l\u1ea7n \u0111\u1ea7u tham gia t\u1ea1i h\u1ec7 th\u1ed1ng. Ngo\u00e0i ra game c\u00f2n t\u00edch h\u1ee3p th\u00eam nhi\u1ec1u v\u00f2ng th\u01b0\u1edfng ph\u1ee5 nh\u1eb1m gia t\u0103ng c\u01a1 h\u1ed9i nh\u1eadn th\u01b0\u1edfng cho h\u1ed9i vi\u00ean trong su\u1ed1t qu\u00e1 tr\u00ecnh quay h\u0169.<\/span><\/p>\n<h3><b>N\u1ed5 h\u0169 \u0111i\u00ean cu\u1ed3ng 777<\/b><\/h3>\n<p><span style=\"font-weight: 400;\">\u0110i\u00ean cu\u1ed3ng 777 hi\u1ec7n \u0111ang l\u00e0 tr\u00f2 ch\u01a1i nh\u1eadn \u0111\u01b0\u1ee3c nhi\u1ec1u s\u1ef1 quan t\u00e2m nh\u1edd phong c\u00e1ch thi\u1ebft k\u1ebf c\u1ed5 \u0111i\u1ec3n k\u1ebft h\u1ee3p c\u00f9ng hi\u1ec7u \u1ee9ng hi\u1ec7n \u0111\u1ea1i v\u00f4 c\u00f9ng h\u1ea5p d\u1eabn.<\/span><\/p>\n<p><span style=\"font-weight: 400;\">Game s\u1eed d\u1ee5ng bi\u1ec3u t\u01b0\u1ee3ng 777 quen thu\u1ed9c th\u01b0\u1eddng xu\u1ea5t hi\u1ec7n trong c\u00e1c d\u00f2ng m\u00e1y slots truy\u1ec1n th\u1ed1ng nh\u01b0ng \u0111\u00e3 \u0111\u01b0\u1ee3c n\u00e2ng c\u1ea5p v\u1ec1 h\u00ecnh \u1ea3nh v\u00e0 hi\u1ec7u \u1ee9ng nh\u1eb1m mang \u0111\u1ebfn tr\u1ea3i nghi\u1ec7m m\u1edbi m\u1ebb h\u01a1n cho ng\u01b0\u1eddi tham gia.<\/span><\/p>\n<p>Xem th\u00eam: <a href=\"https:\/\/qs88best.com\/da-ga\/\"><strong>\u0110\u00e1 g\u00e0<\/strong><\/a><\/p>\n<h3><b>N\u1ed5 h\u0169 th\u1ea7n t\u00e0i<\/b><\/h3>\n<p><b>N\u1ed5 h\u0169<\/b><span style=\"font-weight: 400;\"> th\u1ea7n t\u00e0i l\u00e0 m\u1ed9t trong nh\u1eefng tr\u00f2 ch\u01a1i \u0111ang nh\u1eadn \u0111\u01b0\u1ee3c s\u1ef1 y\u00eau th\u00edch l\u1edbn t\u1eeb c\u1ed9ng \u0111\u1ed3ng ng\u01b0\u1eddi ch\u01a1i nh\u1edd ch\u1ee7 \u0111\u1ec1 t\u00e0i l\u1ed9c quen thu\u1ed9c c\u00f9ng h\u1ec7 th\u1ed1ng th\u01b0\u1edfng h\u1ea5p d\u1eabn hi\u1ec7n nay.<\/span><\/p>\n<p><span style=\"font-weight: 400;\">Tr\u00f2 ch\u01a1i s\u1eed d\u1ee5ng h\u00ecnh \u1ea3nh th\u1ea7n t\u00e0i, v\u00e0ng b\u1ea1c v\u00e0 ti\u1ec1n xu nh\u1eb1m t\u1ea1o n\u00ean kh\u00f4ng kh\u00ed may m\u1eafn trong su\u1ed1t qu\u00e1 tr\u00ecnh tr\u1ea3i nghi\u1ec7m quay th\u01b0\u1edfng c\u1ee7a ng\u01b0\u1eddi ch\u01a1i. Lu\u1eadt ch\u01a1i t\u01b0\u01a1ng \u0111\u1ed1i \u0111\u01a1n gi\u1ea3n gi\u00fap ng\u01b0\u1eddi d\u00f9ng d\u1ec5 d\u00e0ng l\u00e0m quen v\u00e0 nhanh ch\u00f3ng tham gia s\u0103n th\u01b0\u1edfng ngay t\u1eeb nh\u1eefng l\u01b0\u1ee3t quay \u0111\u1ea7u ti\u00ean.<\/span><\/p>\n<p><span style=\"font-weight: 400;\">Nh\u1edd s\u1ef1 k\u1ebft h\u1ee3p gi\u1eefa n\u1ed9i dung g\u1ea7n g\u0169i v\u00e0 c\u01a1 ch\u1ebf th\u01b0\u1edfng h\u1ea5p d\u1eabn, <\/span><b>n\u1ed5 h\u0169<\/b><span style=\"font-weight: 400;\"> th\u1ea7n t\u00e0i hi\u1ec7n lu\u00f4n n\u1eb1m trong danh s\u00e1ch c\u00e1c tr\u00f2 ch\u01a1i \u0111\u01b0\u1ee3c y\u00eau th\u00edch h\u00e0ng \u0111\u1ea7u t\u1ea1i chuy\u00ean m\u1ee5c.<\/span><\/p>\n<figure id=\"attachment_100\" aria-describedby=\"caption-attachment-100\" style=\"width: 800px\" class=\"wp-caption aligncenter\"><img loading=\"lazy\" decoding=\"async\" class=\"size-full wp-image-100\" src=\"https:\/\/qs88best.com\/wp-content\/uploads\/2026\/05\/giai-tri-va-nhan-thuong-lon-cung-game-slots-than-tai.webp\" alt=\"Gi\u1ea3i tr\u00ed v\u00e0 nh\u1eadn th\u01b0\u1edfng l\u1edbn c\u00f9ng game slots th\u1ea7n t\u00e0i\" width=\"800\" height=\"400\" srcset=\"https:\/\/qs88best.com\/wp-content\/uploads\/2026\/05\/giai-tri-va-nhan-thuong-lon-cung-game-slots-than-tai.webp 800w, https:\/\/qs88best.com\/wp-content\/uploads\/2026\/05\/giai-tri-va-nhan-thuong-lon-cung-game-slots-than-tai-300x150.webp 300w, https:\/\/qs88best.com\/wp-content\/uploads\/2026\/05\/giai-tri-va-nhan-thuong-lon-cung-game-slots-than-tai-768x384.webp 768w\" sizes=\"auto, (max-width: 800px) 100vw, 800px\" \/><figcaption id=\"caption-attachment-100\" class=\"wp-caption-text\">Gi\u1ea3i tr\u00ed v\u00e0 nh\u1eadn th\u01b0\u1edfng l\u1edbn c\u00f9ng game slots th\u1ea7n t\u00e0i<\/figcaption><\/figure>\n<h2><b>K\u1ebft lu\u1eadn<\/b><\/h2>\n<p><b>N\u1ed5 h\u0169<\/b><span style=\"font-weight: 400;\"> hi\u1ec7n \u0111ang l\u00e0 l\u1ef1a ch\u1ecdn gi\u1ea3i tr\u00ed ph\u00f9 h\u1ee3p d\u00e0nh cho nh\u1eefng ng\u01b0\u1eddi y\u00eau th\u00edch d\u00f2ng game slots \u0111\u1ed5i th\u01b0\u1edfng v\u1edbi t\u1ef7 l\u1ec7 RTP h\u1ea5p d\u1eabn c\u00f9ng nhi\u1ec1u c\u01a1 h\u1ed9i s\u0103n Jackpot gi\u00e1 tr\u1ecb l\u1edbn m\u1ed7i ng\u00e0y. N\u1ebfu \u0111ang t\u00ecm ki\u1ebfm m\u1ed9t s\u00e2n ch\u01a1i hi\u1ec7n \u0111\u1ea1i, d\u1ec5 tham gia v\u00e0 gi\u00e0u t\u00ednh gi\u1ea3i tr\u00ed, QS88 ch\u1eafc ch\u1eafn s\u1ebd l\u00e0 l\u1ef1a ch\u1ecdn \u0111\u00e1ng \u0111\u1ec3 b\u1ea1n tr\u1ea3i nghi\u1ec7m.<\/span><\/p>\n","protected":false},"excerpt":{"rendered":"<p>N\u1ed5 H\u0169 &#8211; Chuy\u00ean M\u1ee5c \u0110\u1ed5i Th\u01b0\u1edfng Xanh Ch\u00edn, Ch\u1ea5t L\u01b0\u1ee3ng N\u1ed5 h\u0169 hi\u1ec7n \u0111ang l\u00e0 m\u1ed9t trong nh\u1eefng chuy\u00ean m\u1ee5c gi\u1ea3i tr\u00ed \u0111\u01b0\u1ee3c \u0111\u00f4ng \u0111\u1ea3o ng\u01b0\u1eddi ch\u01a1i quan t\u00e2m nh\u1edd s\u1edf h\u1eefu nhi\u1ec1u tr\u00f2 slots h\u1ea5p d\u1eabn c\u00f9ng t\u1ef7 l\u1ec7 tr\u1ea3 th\u01b0\u1edfng c\u1ea1nh tranh tr\u00ean th\u1ecb tr\u01b0\u1eddng hi\u1ec7n nay. V\u1edbi s\u1ef1 \u0111\u1ea7u t\u01b0 b\u00e0i [&#8230;]\n","protected":false},"author":1,"featured_media":101,"parent":0,"menu_order":0,"comment_status":"closed","ping_status":"closed","template":"","meta":{"footnotes":""},"class_list":["post-18","page","type-page","status-publish","has-post-thumbnail","hentry"],"_links":{"self":[{"href":"https:\/\/qs88best.com\/index.php\/wp-json\/wp\/v2\/pages\/18","targetHints":{"allow":["GET"]}}],"collection":[{"href":"https:\/\/qs88best.com\/index.php\/wp-json\/wp\/v2\/pages"}],"about":[{"href":"https:\/\/qs88best.com\/index.php\/wp-json\/wp\/v2\/types\/page"}],"author":[{"embeddable":true,"href":"https:\/\/qs88best.com\/index.php\/wp-json\/wp\/v2\/users\/1"}],"replies":[{"embeddable":true,"href":"https:\/\/qs88best.com\/index.php\/wp-json\/wp\/v2\/comments?post=18"}],"version-history":[{"count":3,"href":"https:\/\/qs88best.com\/index.php\/wp-json\/wp\/v2\/pages\/18\/revisions"}],"predecessor-version":[{"id":105,"href":"https:\/\/qs88best.com\/index.php\/wp-json\/wp\/v2\/pages\/18\/revisions\/105"}],"wp:featuredmedia":[{"embeddable":true,"href":"https:\/\/qs88best.com\/index.php\/wp-json\/wp\/v2\/media\/101"}],"wp:attachment":[{"href":"https:\/\/qs88best.com\/index.php\/wp-json\/wp\/v2\/media?parent=18"}],"curies":[{"name":"wp","href":"https:\/\/api.w.org\/{rel}","templated":true}]}}