{"id":14,"date":"2026-05-07T11:26:23","date_gmt":"2026-05-07T11:26:23","guid":{"rendered":"https:\/\/qs88best.com\/?page_id=14"},"modified":"2026-05-11T01:32:24","modified_gmt":"2026-05-11T01:32:24","slug":"ban-ca","status":"publish","type":"page","link":"https:\/\/qs88best.com\/index.php\/ban-ca\/","title":{"rendered":"B\u1eafn c\u00e1"},"content":{"rendered":"<h1 style=\"text-align: center;\"><b>B\u1eafn C\u00e1 &#8211; S\u00e2n Ch\u01a1i B\u1eafn C\u00e1 \u0110\u1ec9nh Cao, Nh\u1eadn Th\u01b0\u1edfng Nhanh<\/b><\/h1>\n<p><a href=\"https:\/\/qs88best.com\/ban-ca\/\"><b>B\u1eafn c\u00e1<\/b><\/a><span style=\"font-weight: 400;\"> hi\u1ec7n \u0111ang l\u00e0 \u0111i\u1ec3m d\u1eebng ch\u00e2n gi\u1ea3i tr\u00ed quen thu\u1ed9c c\u1ee7a \u0111\u00f4ng \u0111\u1ea3o ng\u01b0\u1eddi ch\u01a1i y\u00eau th\u00edch c\u00e1c t\u1ef1a game \u0111\u1ed5i th\u01b0\u1edfng tr\u1ef1c tuy\u1ebfn tr\u00ean th\u1ecb tr\u01b0\u1eddng hi\u1ec7n nay. Khi tham gia t\u1ea1i chuy\u00ean m\u1ee5c n\u00e0y c\u1ee7a <\/span><a href=\"https:\/\/qs88best.com\/\"><b>QS88<\/b><\/a><span style=\"font-weight: 400;\">, th\u00e0nh vi\u00ean s\u1ebd \u0111\u01b0\u1ee3c h\u00f2a m\u00ecnh v\u00e0o kh\u00f4ng gian \u0111\u1ea1i d\u01b0\u01a1ng s\u1ed1ng \u0111\u1ed9ng v\u00e0 h\u00f3a th\u00e2n th\u00e0nh nh\u1eefng ng\u01b0 th\u1ee7 chuy\u00ean nghi\u1ec7p \u0111\u1ec3 b\u1eaft \u0111\u1ea7u h\u00e0nh tr\u00ecnh s\u0103n th\u01b0\u1edfng h\u1ea5p d\u1eabn m\u1ed7i ng\u00e0y.<\/span><\/p>\n<h2><b>Gi\u1edbi thi\u1ec7u qua v\u1ec1 chuy\u00ean m\u1ee5c b\u1eafn c\u00e1 tr\u1ef1c tuy\u1ebfn<\/b><\/h2>\n<p><b>B\u1eafn c\u00e1<\/b><span style=\"font-weight: 400;\"> hi\u1ec7n \u0111\u01b0\u1ee3c xem l\u00e0 chuy\u00ean m\u1ee5c l\u00fd t\u01b0\u1edfng d\u00e0nh cho nh\u1eefng ng\u01b0\u1eddi ch\u01a1i y\u00eau th\u00edch c\u00e1c t\u1ef1a game \u0111\u1ed5i th\u01b0\u1edfng c\u00f3 lu\u1eadt \u0111\u01a1n gi\u1ea3n v\u00e0 d\u1ec5 tham gia. Nh\u00e0 c\u00e1i hi\u1ec7n \u0111ang h\u1ee3p t\u00e1c c\u00f9ng nhi\u1ec1u \u0111\u01a1n v\u1ecb ph\u00e1t h\u00e0nh game n\u1ed5i ti\u1ebfng nh\u1eb1m mang \u0111\u1ebfn kho s\u1ea3n ph\u1ea9m \u0111a d\u1ea1ng v\u00e0 li\u00ean t\u1ee5c \u0111\u01b0\u1ee3c c\u1eadp nh\u1eadt m\u1edbi m\u1ed7i ng\u00e0y cho ng\u01b0\u1eddi d\u00f9ng.<\/span><\/p>\n<p><span style=\"font-weight: 400;\">M\u1ed7i tr\u00f2 \u0111\u1ec1u \u0111\u01b0\u1ee3c \u0111\u1ea7u t\u01b0 thi\u1ebft k\u1ebf giao di\u1ec7n hi\u1ec7n \u0111\u1ea1i v\u1edbi h\u00ecnh \u1ea3nh s\u1eafc n\u00e9t, m\u00e0u s\u1eafc sinh \u0111\u1ed9ng c\u00f9ng h\u1ec7 th\u1ed1ng \u00e2m thanh ch\u00e2n th\u1ef1c. Ch\u00ednh \u0111i\u1ec1u n\u00e0y \u0111\u00e3 gi\u00fap ng\u01b0 th\u1ee7 c\u1ea3m nh\u1eadn r\u00f5 s\u1ef1 h\u1ea5p d\u1eabn ngay t\u1eeb l\u1ea7n \u0111\u1ea7u tham gia tr\u1ea3i nghi\u1ec7m t\u1ea1i h\u1ec7 th\u1ed1ng.<\/span><\/p>\n<figure id=\"attachment_90\" aria-describedby=\"caption-attachment-90\" style=\"width: 800px\" class=\"wp-caption aligncenter\"><img loading=\"lazy\" decoding=\"async\" class=\"size-full wp-image-90\" src=\"https:\/\/qs88best.com\/wp-content\/uploads\/2026\/05\/gioi-thieu-qua-ve-chuyen-muc-ban-ca-qs88.webp\" alt=\"Gi\u1edbi thi\u1ec7u qua v\u1ec1 chuy\u00ean m\u1ee5c b\u1eafn c\u00e1 QS88\" width=\"800\" height=\"400\" srcset=\"https:\/\/qs88best.com\/wp-content\/uploads\/2026\/05\/gioi-thieu-qua-ve-chuyen-muc-ban-ca-qs88.webp 800w, https:\/\/qs88best.com\/wp-content\/uploads\/2026\/05\/gioi-thieu-qua-ve-chuyen-muc-ban-ca-qs88-300x150.webp 300w, https:\/\/qs88best.com\/wp-content\/uploads\/2026\/05\/gioi-thieu-qua-ve-chuyen-muc-ban-ca-qs88-768x384.webp 768w\" sizes=\"auto, (max-width: 800px) 100vw, 800px\" \/><figcaption id=\"caption-attachment-90\" class=\"wp-caption-text\">Gi\u1edbi thi\u1ec7u qua v\u1ec1 chuy\u00ean m\u1ee5c b\u1eafn c\u00e1 QS88<\/figcaption><\/figure>\n<h2><b>B\u1eafn c\u00e1 QS88 mang \u0111\u1ebfn \u01b0u \u0111i\u1ec3m n\u1ed5i b\u1eadt g\u00ec?<\/b><\/h2>\n<p><span style=\"font-weight: 400;\">Khi tham gia tr\u1ea3i nghi\u1ec7m c\u00e1c tr\u00f2 ch\u01a1i s\u1ea3nh, b\u1ea1n s\u1ebd nh\u1eadn \u0111\u01b0\u1ee3c r\u1ea5t nhi\u1ec1u \u01b0u \u0111i\u1ec3m n\u1ed5i b\u1eadt li\u00ean quan \u0111\u1ebfn ch\u1ea5t l\u01b0\u1ee3ng s\u1ea3n ph\u1ea9m c\u0169ng nh\u01b0 tr\u1ea3i nghi\u1ec7m gi\u1ea3i tr\u00ed tr\u1ef1c tuy\u1ebfn hi\u1ec7n nay.<\/span><\/p>\n<h3><b>Giao di\u1ec7n b\u1eaft m\u1eaft<\/b><\/h3>\n<p><span style=\"font-weight: 400;\">M\u1ed9t trong nh\u1eefng \u01b0u \u0111i\u1ec3m \u0111\u1ea7u ti\u00ean c\u1ea7n nh\u1eafc \u0111\u1ebfn t\u1ea1i chuy\u00ean m\u1ee5c ch\u00ednh l\u00e0 h\u1ec7 th\u1ed1ng giao di\u1ec7n \u0111\u01b0\u1ee3c \u0111\u1ea7u t\u01b0 thi\u1ebft k\u1ebf v\u00f4 c\u00f9ng b\u1eaft m\u1eaft v\u00e0 hi\u1ec7n \u0111\u1ea1i. To\u00e0n b\u1ed9 h\u00ecnh \u1ea3nh trong tr\u00f2 ch\u01a1i \u0111\u1ec1u \u0111\u01b0\u1ee3c x\u00e2y d\u1ef1ng v\u1edbi ch\u1ea5t l\u01b0\u1ee3ng cao nh\u1eb1m mang \u0111\u1ebfn c\u1ea3m gi\u00e1c ch\u00e2n th\u1ef1c h\u01a1n cho ng\u01b0\u1eddi d\u00f9ng trong su\u1ed1t qu\u00e1 tr\u00ecnh tr\u1ea3i nghi\u1ec7m.<\/span><\/p>\n<p><span style=\"font-weight: 400;\">Ngo\u00e0i ph\u1ea7n h\u00ecnh \u1ea3nh s\u1eafc n\u00e9t, h\u1ec7 th\u1ed1ng \u00e2m thanh trong m\u1ed7i tr\u00f2 c\u0169ng \u0111\u01b0\u1ee3c \u0111\u1ea7u t\u01b0 k\u1ef9 l\u01b0\u1ee1ng v\u1edbi hi\u1ec7u \u1ee9ng vui nh\u1ed9n v\u00e0 s\u1ed1ng \u0111\u1ed9ng. \u0110i\u1ec1u n\u00e0y gi\u00fap th\u00e0nh vi\u00ean c\u00f3 c\u1ea3m gi\u00e1c nh\u01b0 \u0111ang th\u1ef1c s\u1ef1 tham gia h\u00e0nh tr\u00ecnh kh\u00e1m ph\u00e1 \u0111\u1ea1i d\u01b0\u01a1ng ngo\u00e0i \u0111\u1eddi th\u1ef1c.<\/span><\/p>\n<h3><b>QS88 cung c\u1ea5p nhi\u1ec1u game<\/b><\/h3>\n<p><span style=\"font-weight: 400;\">M\u1ed9t trong nh\u1eefng \u0111i\u1ec3m c\u1ed9ng l\u1edbn ti\u1ebfp theo c\u1ee7a chuy\u00ean m\u1ee5c <\/span><b>b\u1eafn c\u00e1<\/b><span style=\"font-weight: 400;\"> ch\u00ednh l\u00e0 s\u1ed1 l\u01b0\u1ee3ng tr\u00f2 ch\u01a1i \u0111a d\u1ea1ng v\u00e0 \u0111\u01b0\u1ee3c c\u1eadp nh\u1eadt th\u01b0\u1eddng xuy\u00ean nh\u1eb1m \u0111\u00e1p \u1ee9ng nhu c\u1ea7u gi\u1ea3i tr\u00ed c\u1ee7a nhi\u1ec1u \u0111\u1ed1i t\u01b0\u1ee3ng kh\u00e1c nhau.<\/span><\/p>\n<p><span style=\"font-weight: 400;\">\u0110\u1ec3 l\u00e0m \u0111\u01b0\u1ee3c \u0111i\u1ec1u n\u00e0y, nh\u00e0 c\u00e1i \u0111\u00e3 m\u1edf r\u1ed9ng h\u1ee3p t\u00e1c c\u00f9ng nhi\u1ec1u \u0111\u01a1n v\u1ecb ph\u00e1t h\u00e0nh game n\u1ed5i ti\u1ebfng tr\u00ean th\u1ecb tr\u01b0\u1eddng hi\u1ec7n nay. Nh\u1edd v\u1eady, s\u1ed1 l\u01b0\u1ee3ng tr\u00f2 t\u1ea1i h\u1ec7 th\u1ed1ng lu\u00f4n phong ph\u00fa v\u1edbi nhi\u1ec1u phong c\u00e1ch thi\u1ebft k\u1ebf v\u00e0 ch\u1ee7 \u0111\u1ec1 h\u1ea5p d\u1eabn kh\u00e1c nhau.<\/span><\/p>\n<h3><b>Sinh v\u1eadt \u0111a d\u1ea1ng<\/b><\/h3>\n<p><span style=\"font-weight: 400;\">Nh\u1eafc \u0111\u1ebfn chuy\u00ean m\u1ee5c b\u1eafn c\u00e1, ch\u1eafc ch\u1eafn kh\u00f4ng th\u1ec3 b\u1ecf qua h\u1ec7 sinh th\u00e1i sinh v\u1eadt bi\u1ec3n phong ph\u00fa \u0111\u01b0\u1ee3c x\u00e2y d\u1ef1ng trong t\u1eebng tr\u00f2 ch\u01a1i hi\u1ec7n nay. Khi tham gia tr\u1ea3i nghi\u1ec7m, ng\u01b0\u1eddi ch\u01a1i s\u1ebd d\u1ec5 d\u00e0ng b\u1eaft g\u1eb7p r\u1ea5t nhi\u1ec1u lo\u00e0i sinh v\u1eadt kh\u00e1c nhau nh\u01b0 c\u00e1 nh\u1ecf, c\u00e1 hi\u1ebfm, c\u00e1 m\u1eadp, r\u1ed3ng bi\u1ec3n, boss kh\u1ed5ng l\u1ed3, b\u1ea1ch tu\u1ed9c ho\u1eb7c r\u00f9a \u0111\u1ea1i d\u01b0\u01a1ng. <\/span><\/p>\n<figure id=\"attachment_88\" aria-describedby=\"caption-attachment-88\" style=\"width: 800px\" class=\"wp-caption aligncenter\"><img loading=\"lazy\" decoding=\"async\" class=\"size-full wp-image-88\" src=\"https:\/\/qs88best.com\/wp-content\/uploads\/2026\/05\/da-dang-cac-loai-sinh-vat-khac-nhau-xuat-hien-trong-game.webp\" alt=\"\u0110a d\u1ea1ng c\u00e1c lo\u00e0i sinh v\u1eadt kh\u00e1c nhau xu\u1ea5t hi\u1ec7n trong game\" width=\"800\" height=\"400\" srcset=\"https:\/\/qs88best.com\/wp-content\/uploads\/2026\/05\/da-dang-cac-loai-sinh-vat-khac-nhau-xuat-hien-trong-game.webp 800w, https:\/\/qs88best.com\/wp-content\/uploads\/2026\/05\/da-dang-cac-loai-sinh-vat-khac-nhau-xuat-hien-trong-game-300x150.webp 300w, https:\/\/qs88best.com\/wp-content\/uploads\/2026\/05\/da-dang-cac-loai-sinh-vat-khac-nhau-xuat-hien-trong-game-768x384.webp 768w\" sizes=\"auto, (max-width: 800px) 100vw, 800px\" \/><figcaption id=\"caption-attachment-88\" class=\"wp-caption-text\">\u0110a d\u1ea1ng c\u00e1c lo\u00e0i sinh v\u1eadt kh\u00e1c nhau xu\u1ea5t hi\u1ec7n trong game<\/figcaption><\/figure>\n<h3><b>V\u0169 kh\u00ed t\u1ed1i t\u00e2n<\/b><\/h3>\n<p><span style=\"font-weight: 400;\">Ngo\u00e0i h\u1ec7 sinh th\u00e1i phong ph\u00fa, c\u00e1c tr\u00f2 ch\u01a1i b\u1eafn c\u00e1 c\u00f2n \u0111\u01b0\u1ee3c trang b\u1ecb nhi\u1ec1u lo\u1ea1i v\u0169 kh\u00ed hi\u1ec7n \u0111\u1ea1i nh\u1eb1m h\u1ed7 tr\u1ee3 ng\u01b0\u1eddi ch\u01a1i s\u0103n th\u01b0\u1edfng hi\u1ec7u qu\u1ea3 h\u01a1n trong su\u1ed1t qu\u00e1 tr\u00ecnh tr\u1ea3i nghi\u1ec7m.<\/span><\/p>\n<p><span style=\"font-weight: 400;\">M\u1ed9t s\u1ed1 lo\u1ea1i v\u0169 kh\u00ed n\u1ed5i b\u1eadt th\u01b0\u1eddng xu\u1ea5t hi\u1ec7n trong tr\u00f2 ch\u01a1i g\u1ed3m c\u00f3 s\u00fang \u0111i\u1ec7n, bom n\u1ed5, l\u01b0\u1edbi b\u1eaft c\u00e1, thu\u1ed1c \u0111\u1ed9c ho\u1eb7c m\u00ecn s\u00e1t th\u01b0\u01a1ng di\u1ec7n r\u1ed9ng. M\u1ed7i lo\u1ea1i \u0111\u1ec1u s\u1edf h\u1eefu kh\u1ea3 n\u0103ng h\u1ed7 tr\u1ee3 ri\u00eang gi\u00fap ng\u01b0\u1eddi ch\u01a1i d\u1ec5 d\u00e0ng ti\u00eau di\u1ec7t m\u1ee5c ti\u00eau v\u00e0 n\u00e2ng cao kh\u1ea3 n\u0103ng nh\u1eadn th\u01b0\u1edfng khi tham gia gi\u1ea3i tr\u00ed t\u1ea1i h\u1ec7 th\u1ed1ng.<\/span><\/p>\n<p>Xem th\u00eam: <a href=\"https:\/\/qs88best.com\/casino\/\"><strong>Live Casino<\/strong><\/a><\/p>\n<h2><b>N\u00ean tham gia ch\u01a1i game b\u1eafn c\u00e1 QS88 n\u00e0o?<\/b><\/h2>\n<p><span style=\"font-weight: 400;\">Hi\u1ec7n nay nh\u00e0 c\u00e1i \u0111ang cung c\u1ea5p r\u1ea5t nhi\u1ec1u tr\u00f2 ch\u01a1i h\u1ea5p d\u1eabn v\u1edbi n\u1ed9i dung \u0111a d\u1ea1ng nh\u1eb1m \u0111\u00e1p \u1ee9ng nhu c\u1ea7u gi\u1ea3i tr\u00ed c\u1ee7a \u0111\u00f4ng \u0111\u1ea3o ng\u01b0\u1eddi ch\u01a1i tr\u00ean th\u1ecb tr\u01b0\u1eddng.<\/span><\/p>\n<h3><b>B\u1eafn c\u00e1 d\u1ec5 d\u00e0ng<\/b><\/h3>\n<p><span style=\"font-weight: 400;\">S\u0103n c\u00e1 d\u1ec5 d\u00e0ng hi\u1ec7n \u0111ang l\u00e0 m\u1ed9t trong nh\u1eefng tr\u00f2 ch\u01a1i nh\u1eadn \u0111\u01b0\u1ee3c s\u1ef1 quan t\u00e2m l\u1edbn t\u1eeb c\u1ed9ng \u0111\u1ed3ng ng\u01b0\u1eddi d\u00f9ng nh\u1edd lu\u1eadt ch\u01a1i \u0111\u01a1n gi\u1ea3n v\u00e0 d\u1ec5 l\u00e0m quen ngay t\u1eeb l\u1ea7n \u0111\u1ea7u tr\u1ea3i nghi\u1ec7m.<\/span><\/p>\n<p><span style=\"font-weight: 400;\">Nhi\u1ec7m v\u1ee5 ch\u00ednh c\u1ee7a ng\u01b0\u1eddi ch\u01a1i trong tr\u00f2 n\u00e0y l\u00e0 \u0111i\u1ec1u ch\u1ec9nh h\u01b0\u1edbng s\u00fang v\u00e0 nh\u1eafm b\u1eafn ch\u00ednh x\u00e1c v\u00e0o c\u00e1c m\u1ee5c ti\u00eau \u0111ang xu\u1ea5t hi\u1ec7n tr\u00ean m\u00e0n h\u00ecnh \u0111\u1ec3 nh\u1eadn \u0111i\u1ec3m th\u01b0\u1edfng t\u01b0\u01a1ng \u1ee9ng. M\u1ed7i sinh v\u1eadt b\u1ecb ti\u00eau di\u1ec7t th\u00e0nh c\u00f4ng \u0111\u1ec1u s\u1ebd gi\u00fap ng\u01b0\u1eddi ch\u01a1i t\u00edch l\u0169y th\u00eam ti\u1ec1n th\u01b0\u1edfng cho t\u00e0i kho\u1ea3n c\u00e1 nh\u00e2n c\u1ee7a m\u00ecnh.<\/span><\/p>\n<h3><b>S\u0103n boss v\u0169 tr\u1ee5<\/b><\/h3>\n<p><span style=\"font-weight: 400;\">Tr\u00f2 ch\u01a1i l\u1ea5y c\u1ea3m h\u1ee9ng tr\u1ef1c ti\u1ebfp t\u1eeb ch\u1ee7 \u0111\u1ec1 khoa h\u1ecdc vi\u1ec5n t\u01b0\u1edfng v\u1edbi s\u1ef1 xu\u1ea5t hi\u1ec7n c\u1ee7a t\u00e0u kh\u00f4ng gian, \u0111\u0129a bay v\u00e0 nhi\u1ec1u hi\u1ec7u \u1ee9ng c\u00f4ng ngh\u1ec7 hi\u1ec7n \u0111\u1ea1i. Ch\u00ednh \u0111i\u1ec1u n\u00e0y \u0111\u00e3 gi\u00fap ng\u01b0\u1eddi ch\u01a1i c\u00f3 \u0111\u01b0\u1ee3c tr\u1ea3i nghi\u1ec7m gi\u1ea3i tr\u00ed m\u1edbi m\u1ebb v\u00e0 h\u1ea5p d\u1eabn h\u01a1n trong qu\u00e1 tr\u00ecnh s\u0103n th\u01b0\u1edfng tr\u1ef1c tuy\u1ebfn.<\/span><\/p>\n<h3><b>\u0110\u1ea1i gia c\u00e2u c\u00e1<\/b><\/h3>\n<p><span style=\"font-weight: 400;\">Kh\u00e1c v\u1edbi nhi\u1ec1u tr\u00f2 ch\u01a1i <\/span><b>b\u1eafn c\u00e1<\/b><span style=\"font-weight: 400;\"> truy\u1ec1n th\u1ed1ng d\u01b0\u1edbi l\u00f2ng \u0111\u1ea1i d\u01b0\u01a1ng, s\u1ea3n ph\u1ea9m n\u00e0y \u0111\u01b0a ng\u01b0\u1eddi ch\u01a1i \u0111\u1ebfn kh\u00f4ng gian m\u1eb7t bi\u1ec3n r\u1ed9ng l\u1edbn v\u1edbi r\u1ea5t nhi\u1ec1u sinh v\u1eadt b\u01a1i l\u1ed9i xung quanh. Ng\u01b0\u1eddi d\u00f9ng c\u1ea7n \u0111i\u1ec1u khi\u1ec3n v\u0169 kh\u00ed v\u00e0 canh th\u1eddi \u0111i\u1ec3m nh\u1eafm b\u1eafn ph\u00f9 h\u1ee3p nh\u1eb1m n\u00e2ng cao kh\u1ea3 n\u0103ng nh\u1eadn th\u01b0\u1edfng trong su\u1ed1t qu\u00e1 tr\u00ecnh tham gia.<\/span><\/p>\n<figure id=\"attachment_89\" aria-describedby=\"caption-attachment-89\" style=\"width: 800px\" class=\"wp-caption aligncenter\"><img loading=\"lazy\" decoding=\"async\" class=\"size-full wp-image-89\" src=\"https:\/\/qs88best.com\/wp-content\/uploads\/2026\/05\/dai-gia-cau-ca-san-pham-giai-tri-dinh-cao-cho-nguoi-moi.webp\" alt=\"\u0110\u1ea1i gia c\u00e2u c\u00e1 - S\u1ea3n ph\u1ea9m gi\u1ea3i tr\u00ed \u0111\u1ec9nh cao cho ng\u01b0\u1eddi m\u1edbi\" width=\"800\" height=\"400\" srcset=\"https:\/\/qs88best.com\/wp-content\/uploads\/2026\/05\/dai-gia-cau-ca-san-pham-giai-tri-dinh-cao-cho-nguoi-moi.webp 800w, https:\/\/qs88best.com\/wp-content\/uploads\/2026\/05\/dai-gia-cau-ca-san-pham-giai-tri-dinh-cao-cho-nguoi-moi-300x150.webp 300w, https:\/\/qs88best.com\/wp-content\/uploads\/2026\/05\/dai-gia-cau-ca-san-pham-giai-tri-dinh-cao-cho-nguoi-moi-768x384.webp 768w\" sizes=\"auto, (max-width: 800px) 100vw, 800px\" \/><figcaption id=\"caption-attachment-89\" class=\"wp-caption-text\">\u0110\u1ea1i gia c\u00e2u c\u00e1 &#8211; S\u1ea3n ph\u1ea9m gi\u1ea3i tr\u00ed \u0111\u1ec9nh cao cho ng\u01b0\u1eddi m\u1edbi<\/figcaption><\/figure>\n<h2><b>K\u1ebft lu\u1eadn<\/b><\/h2>\n<p><span style=\"font-weight: 400;\">B\u00e0i vi\u1ebft tr\u00ean \u0111\u00e2y \u0111\u00e3 t\u1ed5ng h\u1ee3p \u0111\u1ea7y \u0111\u1ee7 nh\u1eefng th\u00f4ng tin quan tr\u1ecdng li\u00ean quan \u0111\u1ebfn chuy\u00ean m\u1ee5c <\/span><b>b\u1eafn c\u00e1<\/b><span style=\"font-weight: 400;\"> QS88 c\u00f9ng c\u00e1c \u01b0u \u0111i\u1ec3m n\u1ed5i b\u1eadt v\u00e0 tr\u00f2 ch\u01a1i h\u1ea5p d\u1eabn hi\u1ec7n nay. Hy v\u1ecdng th\u00f4ng qua nh\u1eefng chia s\u1ebb n\u00e0y, ng\u01b0\u1eddi ch\u01a1i s\u1ebd d\u1ec5 d\u00e0ng l\u1ef1a ch\u1ecdn \u0111\u01b0\u1ee3c s\u1ea3n ph\u1ea9m ph\u00f9 h\u1ee3p \u0111\u1ec3 t\u1ef1 tin tham gia gi\u1ea3i tr\u00ed v\u00e0 s\u0103n th\u01b0\u1edfng m\u1ed7i ng\u00e0y t\u1ea1i h\u1ec7 th\u1ed1ng.<\/span><\/p>\n","protected":false},"excerpt":{"rendered":"<p>B\u1eafn C\u00e1 &#8211; S\u00e2n Ch\u01a1i B\u1eafn C\u00e1 \u0110\u1ec9nh Cao, Nh\u1eadn Th\u01b0\u1edfng Nhanh B\u1eafn c\u00e1 hi\u1ec7n \u0111ang l\u00e0 \u0111i\u1ec3m d\u1eebng ch\u00e2n gi\u1ea3i tr\u00ed quen thu\u1ed9c c\u1ee7a \u0111\u00f4ng \u0111\u1ea3o ng\u01b0\u1eddi ch\u01a1i y\u00eau th\u00edch c\u00e1c t\u1ef1a game \u0111\u1ed5i th\u01b0\u1edfng tr\u1ef1c tuy\u1ebfn tr\u00ean th\u1ecb tr\u01b0\u1eddng hi\u1ec7n nay. Khi tham gia t\u1ea1i chuy\u00ean m\u1ee5c n\u00e0y c\u1ee7a QS88, th\u00e0nh vi\u00ean s\u1ebd [&#8230;]\n","protected":false},"author":1,"featured_media":87,"parent":0,"menu_order":0,"comment_status":"closed","ping_status":"closed","template":"","meta":{"footnotes":""},"class_list":["post-14","page","type-page","status-publish","has-post-thumbnail","hentry"],"_links":{"self":[{"href":"https:\/\/qs88best.com\/index.php\/wp-json\/wp\/v2\/pages\/14","targetHints":{"allow":["GET"]}}],"collection":[{"href":"https:\/\/qs88best.com\/index.php\/wp-json\/wp\/v2\/pages"}],"about":[{"href":"https:\/\/qs88best.com\/index.php\/wp-json\/wp\/v2\/types\/page"}],"author":[{"embeddable":true,"href":"https:\/\/qs88best.com\/index.php\/wp-json\/wp\/v2\/users\/1"}],"replies":[{"embeddable":true,"href":"https:\/\/qs88best.com\/index.php\/wp-json\/wp\/v2\/comments?post=14"}],"version-history":[{"count":4,"href":"https:\/\/qs88best.com\/index.php\/wp-json\/wp\/v2\/pages\/14\/revisions"}],"predecessor-version":[{"id":93,"href":"https:\/\/qs88best.com\/index.php\/wp-json\/wp\/v2\/pages\/14\/revisions\/93"}],"wp:featuredmedia":[{"embeddable":true,"href":"https:\/\/qs88best.com\/index.php\/wp-json\/wp\/v2\/media\/87"}],"wp:attachment":[{"href":"https:\/\/qs88best.com\/index.php\/wp-json\/wp\/v2\/media?parent=14"}],"curies":[{"name":"wp","href":"https:\/\/api.w.org\/{rel}","templated":true}]}}